{"id":320,"date":"2017-01-29T23:20:20","date_gmt":"2017-01-29T23:20:20","guid":{"rendered":"https:\/\/alltherapyonline.com\/?page_id=320"},"modified":"2024-05-30T05:23:02","modified_gmt":"2024-05-30T05:23:02","slug":"facetoface","status":"publish","type":"page","link":"https:\/\/alltherapyonline.com\/es\/facetoface\/","title":{"rendered":"Atenci\u00f3n presencial"},"content":{"rendered":"<div id=\"pl-320\"  class=\"panel-layout\" ><div id=\"pg-320-0\"  class=\"panel-grid panel-has-style\" ><div class=\"panel-row-style panel-row-style-for-320-0\" ><div id=\"pgc-320-0-0\"  class=\"panel-grid-cell panel-grid-cell-empty\" ><\/div><div id=\"pgc-320-0-1\"  class=\"panel-grid-cell panel-grid-cell-mobile-last\" ><div id=\"panel-320-0-1-0\" class=\"so-panel widget widget_sow-editor panel-first-child\" data-index=\"0\" ><div\n\t\t\t\n\t\t\tclass=\"so-widget-sow-editor so-widget-sow-editor-base\"\n\t\t\t\n\t\t>\n<div class=\"siteorigin-widget-tinymce textwidget\">\n\t<div id=\"panel-75-0-1-0\" class=\"so-panel widget widget_sow-editor panel-first-child\" data-index=\"1\">\n<div class=\"panel-widget-style\">\n<div class=\"so-widget-sow-editor so-widget-sow-editor-base\">\n<div class=\"siteorigin-widget-tinymce textwidget\">\n<h2 class=\"Body\" style=\"text-align: center;\"><span style=\"color: #5e0034;\">\u00bfQu\u00e9 es la terapia presencial?<\/span><\/h2>\n<h5 class=\"Body\">La terapia presencial, como su nombre indica, es una modalidad que demanda la presencia de paciente y terapeuta, facilitando el establecimiento de un v\u00ednculo profesional entre ambos. Siendo el m\u00e9todo tradicional por excelencia, su uso requiere de un espacio f\u00edsico en el que los conflictos ps\u00edquicos se puedan presentar para, as\u00ed, ser analizados por el paciente, con ayuda del terapeuta.<\/h5>\n<h5 class=\"Body\">Este servicio es ofrecido, v\u00eda previa cita, en la Ciudad de M\u00e9xico, en espa\u00f1ol, ingl\u00e9s y portugu\u00e9s.<\/h5>\n<p class=\"Body\">\u00a0<\/p>\n<\/div>\n<\/div>\n<\/div>\n<\/div>\n<\/div>\n<\/div><\/div>          <div id=\"panel-320-0-1-1\" class=\"so-panel widget widget_textblockswidget panel-last-child\" data-index=\"1\" >              \t\t\t\t<div class=\"text-block contact-me-block\"><div id=\"pl-559\"  class=\"panel-layout\" >\n<div id=\"pg-559-0\"  class=\"panel-grid panel-no-style\" >\n<div id=\"pgc-559-0-0\"  class=\"panel-grid-cell\"  data-weight=\"1\" >\n<div id=\"panel-559-0-0-0\" class=\"so-panel widget widget_sow-headline panel-first-child\" data-index=\"0\" data-style=\"{&quot;background_image_attachment&quot;:false,&quot;background_display&quot;:&quot;tile&quot;,&quot;background_image_size&quot;:&quot;full&quot;,&quot;background_image_opacity&quot;:&quot;100&quot;,&quot;border_thickness&quot;:&quot;1px&quot;}\" ><div\n\t\t\t\n\t\t\tclass=\"so-widget-sow-headline so-widget-sow-headline-default-b8df1c52cfc3\"\n\t\t\t\n\t\t><div class=\"sow-headline-container \">\n\t\t\t\t\t\t\t<h1 class=\"sow-headline\">\n\t\t\t\t\t\t\u00bfC\u00f3mo funciona?\t\t\t\t\t\t<\/h1>\n\t\t\t\t\t\t\t\t\t\t\t<div class=\"decoration\">\n\t\t\t\t\t\t<div class=\"decoration-inside\"><\/div>\n\t\t\t\t\t<\/div>\n\t\t\t\t\t\t\t\t\t\t\t<h4 class=\"sow-sub-headline\">\n\t\t\t\t\t\t5 pasos sencillos\t\t\t\t\t\t<\/h4>\n\t\t\t\t\t\t<\/div>\n<\/div><\/div>\n<div id=\"panel-559-0-0-1\" class=\"so-panel widget widget_sow-features\" data-index=\"1\" data-style=\"{&quot;background_image_attachment&quot;:false,&quot;background_display&quot;:&quot;tile&quot;,&quot;background_image_size&quot;:&quot;full&quot;,&quot;background_image_opacity&quot;:&quot;100&quot;,&quot;border_thickness&quot;:&quot;1px&quot;}\" ><div\n\t\t\t\n\t\t\tclass=\"so-widget-sow-features so-widget-sow-features-default-6a449b7a7812\"\n\t\t\t\n\t\t><ul\n\tclass=\"sow-features-list\n\tsow-features-responsive\">\n\n\t\t\t<li\n\t\t\tclass=\"sow-features-feature sow-icon-container-position-top\"\n\t\t\tstyle=\"display: flex; flex-direction: column; width: calc(20% - 25px);\"\n\t\t>\n\t\t\t\n\t\t\t\t\t\t<div\t\t\t\tclass=\"sow-icon-container sow-container-square\"\n\t\t\t\tstyle=\"color: #ffffff; \"\n\t\t\t\t\n\t\t\t\t\t\t\t>\n\t\t\t\t<span class=\"sow-icon-typicons\" data-sow-icon=\"&#xe052;\"\n\t\tstyle=\"font-size: 48px; color: #5e0034\" \n\t\taria-hidden=\"true\"><\/span>\t\t\t<\/div>\n\n\t\t\t<div class=\"textwidget\">\n\t\t\t\t\n\t\t\t\t\t\t\t\t\t<h5 class=\"sow-features-feature-title\">\n\t\t\t\t\t\tEntra en contacto\t\t\t\t\t<\/h5>\n\t\t\t\t\n\t\t\t\t\t\t\t\t\t<div class=\"sow-features-feature-text\">\n\t\t\t\t\t&lt;p&gt;Llena el formato cuidadosamente. Aseg\u00farate de escribir correctamente tus datos de contacto.&lt;\/p&gt;\t\t\t\t\t<\/div>\n\t\t\t\t\t\t\t\t<\/div>\n\t\t\t\t\t\t\t\t<\/li>\n\n\t\t\t<li\n\t\t\tclass=\"sow-features-feature sow-icon-container-position-top\"\n\t\t\tstyle=\"display: flex; flex-direction: column; width: calc(20% - 25px);\"\n\t\t>\n\t\t\t\n\t\t\t\t\t\t<div\t\t\t\tclass=\"sow-icon-container sow-container-square\"\n\t\t\t\tstyle=\"color: #ffffff; \"\n\t\t\t\t\n\t\t\t\t\t\t\t>\n\t\t\t\t<span class=\"sow-icon-materialicons sowm-regular\" data-sow-icon=\"&#xe89b\"\n\t\tstyle=\"font-size: 48px; color: #5e0034\" \n\t\taria-hidden=\"true\"><\/span>\t\t\t<\/div>\n\n\t\t\t<div class=\"textwidget\">\n\t\t\t\t\n\t\t\t\t\t\t\t\t\t<h5 class=\"sow-features-feature-title\">\n\t\t\t\t\t\tEspera respuesta\t\t\t\t\t<\/h5>\n\t\t\t\t\n\t\t\t\t\t\t\t\t\t<div class=\"sow-features-feature-text\">\n\t\t\t\t\t&lt;p&gt;Recibir\u00e1s respuesta en un plazo de 24 a 48 horas. De no ser as\u00ed, por favor escribe de nuevo informando otro medio para poder contactarte.&lt;\/p&gt;\t\t\t\t\t<\/div>\n\t\t\t\t\t\t\t\t<\/div>\n\t\t\t\t\t\t\t\t<\/li>\n\n\t\t\t<li\n\t\t\tclass=\"sow-features-feature sow-icon-container-position-top\"\n\t\t\tstyle=\"display: flex; flex-direction: column; width: calc(20% - 25px);\"\n\t\t>\n\t\t\t\n\t\t\t\t\t\t<div\t\t\t\tclass=\"sow-icon-container sow-container-square\"\n\t\t\t\tstyle=\"color: #ffffff; \"\n\t\t\t\t\n\t\t\t\t\t\t\t>\n\t\t\t\t<span class=\"sow-icon-fontawesome sow-fas\" data-sow-icon=\"&#xf073;\"\n\t\tstyle=\"font-size: 48px; color: #5e0034\" \n\t\taria-hidden=\"true\"><\/span>\t\t\t<\/div>\n\n\t\t\t<div class=\"textwidget\">\n\t\t\t\t\n\t\t\t\t\t\t\t\t\t<h5 class=\"sow-features-feature-title\">\n\t\t\t\t\t\tAgenda la sesi\u00f3n\t\t\t\t\t<\/h5>\n\t\t\t\t\n\t\t\t\t\t\t\t\t\t<div class=\"sow-features-feature-text\">\n\t\t\t\t\t&lt;p&gt;Acordamos un d\u00eda y horario para las sesiones, de acuerdo a tu disponibilidad y la m\u00eda.&lt;\/p&gt;\t\t\t\t\t<\/div>\n\t\t\t\t\t\t\t\t<\/div>\n\t\t\t\t\t\t\t\t<\/li>\n\n\t\t\t<li\n\t\t\tclass=\"sow-features-feature sow-icon-container-position-top\"\n\t\t\tstyle=\"display: flex; flex-direction: column; width: calc(20% - 25px);\"\n\t\t>\n\t\t\t\n\t\t\t\t\t\t<div\t\t\t\tclass=\"sow-icon-container sow-container-square\"\n\t\t\t\tstyle=\"color: #ffffff; \"\n\t\t\t\t\n\t\t\t\t\t\t\t>\n\t\t\t\t<span class=\"sow-icon-fontawesome sow-fas\" data-sow-icon=\"&#xf09d;\"\n\t\tstyle=\"font-size: 48px; color: #5e0034\" \n\t\taria-hidden=\"true\"><\/span>\t\t\t<\/div>\n\n\t\t\t<div class=\"textwidget\">\n\t\t\t\t\n\t\t\t\t\t\t\t\t\t<h5 class=\"sow-features-feature-title\">\n\t\t\t\t\t\tRealiza el pago\t\t\t\t\t<\/h5>\n\t\t\t\t\n\t\t\t\t\t\t\t\t\t<div class=\"sow-features-feature-text\">\n\t\t\t\t\t&lt;p&gt; Realiza el pago de forma segura en mi site con PayPal o tarjeta de d\u00e9bito o cr\u00e9dito, o mediante transferencia bancaria previamente\u00a0acordada.&lt;\/p&gt;\t\t\t\t\t<\/div>\n\t\t\t\t\t\t\t\t<\/div>\n\t\t\t\t\t\t\t\t<\/li>\n\n\t\t\t<li\n\t\t\tclass=\"sow-features-feature sow-icon-container-position-top\"\n\t\t\tstyle=\"display: flex; flex-direction: column; width: calc(20% - 25px);\"\n\t\t>\n\t\t\t\n\t\t\t\t\t\t<div\t\t\t\tclass=\"sow-icon-container sow-container-square\"\n\t\t\t\tstyle=\"color: #ffffff; \"\n\t\t\t\t\n\t\t\t\t\t\t\t>\n\t\t\t\t<span class=\"sow-icon-fontawesome sow-fas\" data-sow-icon=\"&#xf0c0;\"\n\t\tstyle=\"font-size: 48px; color: #5e0034\" \n\t\taria-hidden=\"true\"><\/span>\t\t\t<\/div>\n\n\t\t\t<div class=\"textwidget\">\n\t\t\t\t\n\t\t\t\t\t\t\t\t\t<h5 class=\"sow-features-feature-title\">\n\t\t\t\t\t\tToma la sesi\u00f3n\t\t\t\t\t<\/h5>\n\t\t\t\t\n\t\t\t\t\t\t\t\t\t<div class=\"sow-features-feature-text\">\n\t\t\t\t\t&lt;p&gt;Nos vemos en el d\u00eda y horario agendados, y al t\u00e9rmino de la sesi\u00f3n acordamos los honorarios por sesi\u00f3n.&lt;\/p&gt;\t\t\t\t\t<\/div>\n\t\t\t\t\t\t\t\t<\/div>\n\t\t\t\t\t\t\t\t<\/li>\n\n\t<\/ul>\n<\/div><\/div>\n<div id=\"panel-559-0-0-2\" class=\"so-panel widget widget_sow-contact-form panel-last-child\" data-index=\"2\" data-style=\"{&quot;background_image_attachment&quot;:false,&quot;background_display&quot;:&quot;tile&quot;,&quot;background_image_size&quot;:&quot;full&quot;,&quot;background_image_opacity&quot;:&quot;100&quot;,&quot;border_thickness&quot;:&quot;1px&quot;}\" ><div\n\t\t\t\n\t\t\tclass=\"so-widget-sow-contact-form so-widget-sow-contact-form-default-60cd38b38dff\"\n\t\t\t\n\t\t>\t<form\n\t\taction=\"\/es\/wp-json\/wp\/v2\/pages\/320\"\n\t\tmethod=\"POST\"\n\t\tclass=\"sow-contact-form\"\n\t\tid=\"contact-form-3aca\"\n\t>\n\n\t\t\n\t\t\t\t\t<div class=\"sow-form-field sow-form-field-name\">\n\t\t\t\t<label class=\"sow-form-field-label-above\" for=\"sow-contact-form-field-nombre-1\">\n\t\t\t\t<strong>\n\t\t\t\t\tNombre\t\t\t\t\t\t\t\t\t<\/strong>\n\t\t\t<\/label>\n\t\t\t\t\t\t\t<div class=\"sow-field-container\">\n\t\t\t\t\t\t\t<input\n\t\t\ttype=\"text\"\n\t\t\tname=\"nombre-1\"\n\t\t\tid=\"sow-contact-form-field-nombre-1\"\n\t\t\tvalue=\"\"\n\t\t\tclass=\"sow-text-field\"\n\t\t\t\t\t\t\t\t\/>\n\t\t\t\t\t\t<\/div>\n\t\t\t\t\t\t\t<\/div>\n\t\t\t\t\t\t<div class=\"sow-form-field sow-form-field-text\">\n\t\t\t\t<label class=\"sow-form-field-label-above\" for=\"sow-contact-form-field-ubicacion-1\">\n\t\t\t\t<strong>\n\t\t\t\t\tUbicaci\u00f3n\t\t\t\t\t\t\t\t\t<\/strong>\n\t\t\t<\/label>\n\t\t\t\t\t\t\t<div class=\"sow-field-container\">\n\t\t\t\t\t\t\t<input\n\t\t\ttype=\"text\"\n\t\t\tname=\"ubicacion-1\"\n\t\t\tid=\"sow-contact-form-field-ubicacion-1\"\n\t\t\tvalue=\"\"\n\t\t\tclass=\"sow-text-field\"\t\t\t\t\t\t\t\t\/>\n\t\t\t\t\t\t<\/div>\n\t\t\t\t\t\t\t<\/div>\n\t\t\t\t\t\t<div class=\"sow-form-field sow-form-field-email\">\n\t\t\t\t<label class=\"sow-form-field-label-above\" for=\"sow-contact-form-field-email-1\">\n\t\t\t\t<strong>\n\t\t\t\t\tEmail\t\t\t\t\t\t\t\t\t<\/strong>\n\t\t\t<\/label>\n\t\t\t\t\t\t\t<div class=\"sow-field-container\">\n\t\t\t\t\t\t\t<input\n\t\t\ttype=\"email\"\n\t\t\tname=\"email-1\"\n\t\t\tid=\"sow-contact-form-field-email-1\"\n\t\t\tvalue=\"\"\n\t\t\tclass=\"sow-text-field\"\t\t\t\t\t\t\t\t\/>\n\t\t\t\t\t\t<\/div>\n\t\t\t\t\t\t\t<\/div>\n\t\t\t\t\t\t<div class=\"sow-form-field sow-form-field-text\">\n\t\t\t\t<label class=\"sow-form-field-label-above\" for=\"sow-contact-form-field-telefono-1\">\n\t\t\t\t<strong>\n\t\t\t\t\tTel\u00e9fono\t\t\t\t\t\t\t\t\t<\/strong>\n\t\t\t<\/label>\n\t\t\t\t\t\t\t<div class=\"sow-field-container\">\n\t\t\t\t\t\t\t<input\n\t\t\ttype=\"text\"\n\t\t\tname=\"telefono-1\"\n\t\t\tid=\"sow-contact-form-field-telefono-1\"\n\t\t\tvalue=\"\"\n\t\t\tclass=\"sow-text-field\"\t\t\t\t\t\t\t\t\/>\n\t\t\t\t\t\t<\/div>\n\t\t\t\t\t\t\t<\/div>\n\t\t\t\t\t\t<div class=\"sow-form-field sow-form-field-subject\">\n\t\t\t\t<label class=\"sow-form-field-label-above\" for=\"sow-contact-form-field-asunto-1\">\n\t\t\t\t<strong>\n\t\t\t\t\tAsunto\t\t\t\t\t\t\t\t\t<\/strong>\n\t\t\t<\/label>\n\t\t\t\t\t\t\t<div class=\"sow-field-container\">\n\t\t\t\t\t\t\t<input\n\t\t\ttype=\"text\"\n\t\t\tname=\"asunto-1\"\n\t\t\tid=\"sow-contact-form-field-asunto-1\"\n\t\t\tvalue=\"\"\n\t\t\tclass=\"sow-text-field\"\n\t\t\t\t\t\t\t\t\/>\n\t\t\t\t\t\t<\/div>\n\t\t\t\t\t\t\t<\/div>\n\t\t\t\t\t\t<div class=\"sow-form-field sow-form-field-textarea\">\n\t\t\t\t<label class=\"sow-form-field-label-above\" for=\"sow-contact-form-field-por-que-estas-interesado-en-iniciar-una-terapia-o-analisis-1\">\n\t\t\t\t<strong>\n\t\t\t\t\t\u00bfPor qu\u00e9 est\u00e1s interesado en iniciar una terapia o an\u00e1lisis?\t\t\t\t\t\t\t\t\t<\/strong>\n\t\t\t<\/label>\n\t\t\t\t\t\t\t<div class=\"sow-field-container\">\n\t\t\t\t\t\t\t<textarea\n\t\t\tname=\"por-que-estas-interesado-en-iniciar-una-terapia-o-analisis-1\"\n\t\t\tid=\"sow-contact-form-field-por-que-estas-interesado-en-iniciar-una-terapia-o-analisis-1\"\n\t\t\trows=\"10\"\n\t\t\t\t\t\t\t\t><\/textarea>\n\t\t\t\t\t\t<\/div>\n\t\t\t\t\t\t\t<\/div>\n\t\t\t\t\t\t<div class=\"sow-form-field sow-form-field-text\">\n\t\t\t\t<label class=\"sow-form-field-label-above\" for=\"sow-contact-form-field-por-favor-enviame-tus-horarios-y-dias-disponibles-1\">\n\t\t\t\t<strong>\n\t\t\t\t\tPor favor env\u00edame tus horarios y d\u00edas disponibles\t\t\t\t\t\t\t\t\t<\/strong>\n\t\t\t<\/label>\n\t\t\t\t\t\t\t<div class=\"sow-field-container\">\n\t\t\t\t\t\t\t<input\n\t\t\ttype=\"text\"\n\t\t\tname=\"por-favor-enviame-tus-horarios-y-dias-disponibles-1\"\n\t\t\tid=\"sow-contact-form-field-por-favor-enviame-tus-horarios-y-dias-disponibles-1\"\n\t\t\tvalue=\"\"\n\t\t\tclass=\"sow-text-field\"\t\t\t\t\t\t\t\t\/>\n\t\t\t\t\t\t<\/div>\n\t\t\t\t\t\t\t<\/div>\n\t\t\t\n\t\t\n\t\t<div class=\"sow-submit-wrapper \n\t\tsow-submit-styled\t\t\">\n\n\t\t\t<button\n\t\t\t\ttype=\"submit\"\n\t\t\t\tclass=\"sow-submit\n\t\t\t\t\t\t\t\t\"\n\t\t\t\t\t\t\t>\n\t\t\t\tEmpieza ahora\t\t\t<\/button>\n\t\t<\/div>\n\t\t\t\t<input\n\t\t\ttype=\"hidden\"\n\t\t\tname=\"instance_hash-1\"\n\t\t\tvalue=\"3acaf9a5\"\n\t\t\/>\n\n\t\t<input type=\"hidden\" id=\"_wpnonce\" name=\"_wpnonce\" value=\"8a8bef727e\" \/><input type=\"hidden\" name=\"_wp_http_referer\" value=\"\/es\/wp-json\/wp\/v2\/pages\/320\" \/>\t<\/form>\n\t<\/div><\/div>\n<\/div>\n<\/div>\n<\/div>\n<\/div>\n          <\/div>        <\/div><div id=\"pgc-320-0-2\"  class=\"panel-grid-cell panel-grid-cell-empty\" ><\/div><\/div><\/div><div id=\"pg-320-1\"  class=\"panel-grid panel-has-style\" ><div class=\"siteorigin-panels-stretch panel-row-style panel-row-style-for-320-1\" data-stretch-type=\"full\" ><div id=\"pgc-320-1-0\"  class=\"panel-grid-cell\" ><div id=\"panel-320-1-0-0\" class=\"so-panel widget widget_sow-headline panel-first-child\" data-index=\"2\" ><div\n\t\t\t\n\t\t\tclass=\"so-widget-sow-headline so-widget-sow-headline-default-f0c12d25c6e2-320\"\n\t\t\t\n\t\t><div class=\"sow-headline-container \">\n\t\t\t\t\t\t\t<h1 class=\"sow-headline\">\n\t\t\t\t\t\t\u00a1No lo dejes para ma\u00f1ana, hazlo hoy!\t\t\t\t\t\t<\/h1>\n\t\t\t\t\t\t<\/div>\n<\/div><\/div><div id=\"panel-320-1-0-1\" class=\"so-panel widget widget_sow-social-media-buttons panel-last-child\" data-index=\"3\" ><div\n\t\t\t\n\t\t\tclass=\"so-widget-sow-social-media-buttons so-widget-sow-social-media-buttons-flat-322b4cc5ab7e-320\"\n\t\t\t\n\t\t>\n\n<div class=\"social-media-button-container\">\n\t\n\t\t<a \n\t\tclass=\"ow-button-hover sow-social-media-button-facebook-0 sow-social-media-button\" title=\"Brenda Becerril en Facebook\" aria-label=\"Brenda Becerril en Facebook\" target=\"_blank\" rel=\"noopener noreferrer\" href=\"https:\/\/www.facebook.com\/terapiapsicologicaypsicoanalisis\/\" \t\t>\n\t\t\t<span>\n\t\t\t\t\t\t\t\t<span class=\"sow-icon-fontawesome sow-fab\" data-sow-icon=\"&#xf39e;\"\n\t\t \n\t\taria-hidden=\"true\"><\/span>\t\t\t\t\t\t\t<\/span>\n\t\t<\/a>\n\t\n\t\t<a \n\t\tclass=\"ow-button-hover sow-social-media-button-linkedin-0 sow-social-media-button\" title=\"Brenda Becerril en Linkedin\" aria-label=\"Brenda Becerril en Linkedin\" target=\"_blank\" rel=\"noopener noreferrer\" href=\"https:\/\/www.linkedin.com\/in\/brenda-ibeth-becerril-guti%C3%A9rrez-phd-98b01aa0\/\" \t\t>\n\t\t\t<span>\n\t\t\t\t\t\t\t\t<span class=\"sow-icon-fontawesome sow-fab\" data-sow-icon=\"&#xf0e1;\"\n\t\t \n\t\taria-hidden=\"true\"><\/span>\t\t\t\t\t\t\t<\/span>\n\t\t<\/a>\n\t\n\t\t<a \n\t\tclass=\"ow-button-hover sow-social-media-button-envelope-0 sow-social-media-button\" title=\"Brenda Becerril en Envelope\" aria-label=\"Brenda Becerril en Envelope\" target=\"_blank\" rel=\"noopener noreferrer\" href=\"\/contact-me\" \t\t>\n\t\t\t<span>\n\t\t\t\t\t\t\t\t<span class=\"sow-icon-fontawesome sow-fas\" data-sow-icon=\"&#xf0e0;\"\n\t\t \n\t\taria-hidden=\"true\"><\/span>\t\t\t\t\t\t\t<\/span>\n\t\t<\/a>\n\t\n\t\t<a \n\t\tclass=\"ow-button-hover sow-social-media-button-whatsapp-0 sow-social-media-button\" title=\"Brenda Becerril en Whatsapp\" aria-label=\"Brenda Becerril en Whatsapp\" target=\"_blank\" rel=\"noopener noreferrer\" href=\"https:\/\/api.whatsapp.com\/send\/?phone=%2B525534576937&#038;text=Hola%2C+me+interesa+conocer+m%C3%A1s+de+tus+servicios.&#038;type=phone_number&#038;app_absent=0\" \t\t>\n\t\t\t<span>\n\t\t\t\t\t\t\t\t<span class=\"sow-icon-fontawesome sow-fab\" data-sow-icon=\"&#xf232;\"\n\t\t \n\t\taria-hidden=\"true\"><\/span>\t\t\t\t\t\t\t<\/span>\n\t\t<\/a>\n\t<\/div>\n<\/div><\/div><\/div><\/div><\/div><\/div>","protected":false},"excerpt":{"rendered":"<p>\u00bfQu\u00e9 es la terapia presencial?La terapia presencial, como su nombre indica, es una modalidad que demanda la presencia de paciente y terapeuta, facilitando el establecimiento de un v\u00ednculo profesional entre ambos. Siendo el m\u00e9todo tradicional por excelencia, su uso requiere<\/p>\n","protected":false},"author":1,"featured_media":0,"parent":0,"menu_order":0,"comment_status":"closed","ping_status":"closed","template":"","meta":{"_joinchat":[],"footnotes":""},"class_list":["post-320","page","type-page","status-publish","hentry"],"yoast_head":"<!-- This site is optimized with the Yoast SEO plugin v27.2 - https:\/\/yoast.com\/product\/yoast-seo-wordpress\/ -->\n<title>Atenci\u00f3n presencial - Brenda Becerril<\/title>\n<meta name=\"robots\" content=\"index, follow, max-snippet:-1, max-image-preview:large, max-video-preview:-1\" \/>\n<link rel=\"canonical\" href=\"https:\/\/alltherapyonline.com\/facetoface\/\" \/>\n<meta property=\"og:locale\" content=\"es_ES\" \/>\n<meta property=\"og:type\" content=\"article\" \/>\n<meta property=\"og:title\" content=\"[:en]Face-to-face therapy[:es]Atenci\u00f3n presencial[:pb]Atendimento presencial[:] - Brenda Becerril\" \/>\n<meta property=\"og:description\" content=\"\u00bfQu\u00e9 es la terapia presencial?La terapia presencial, como su nombre indica, es una modalidad que demanda la presencia de paciente y terapeuta, facilitando el establecimiento de un v\u00ednculo profesional entre ambos. Siendo el m\u00e9todo tradicional por excelencia, su uso requiere\" \/>\n<meta property=\"og:url\" content=\"https:\/\/alltherapyonline.com\/facetoface\/\" \/>\n<meta property=\"og:site_name\" content=\"Brenda Becerril\" \/>\n<meta property=\"article:modified_time\" content=\"2024-05-30T05:23:02+00:00\" \/>\n<meta name=\"twitter:card\" content=\"summary_large_image\" \/>\n<meta name=\"twitter:label1\" content=\"Tiempo de lectura\" \/>\n\t<meta name=\"twitter:data1\" content=\"2 minutos\" \/>\n<script type=\"application\/ld+json\" class=\"yoast-schema-graph\">{\"@context\":\"https:\/\/schema.org\",\"@graph\":[{\"@type\":\"WebPage\",\"@id\":\"https:\/\/alltherapyonline.com\/facetoface\/\",\"url\":\"https:\/\/alltherapyonline.com\/facetoface\/\",\"name\":\"[:en]Face-to-face therapy[:es]Atenci\u00f3n presencial[:pb]Atendimento presencial[:] - Brenda Becerril\",\"isPartOf\":{\"@id\":\"https:\/\/alltherapyonline.com\/#website\"},\"datePublished\":\"2017-01-29T23:20:20+00:00\",\"dateModified\":\"2024-05-30T05:23:02+00:00\",\"breadcrumb\":{\"@id\":\"https:\/\/alltherapyonline.com\/facetoface\/#breadcrumb\"},\"inLanguage\":\"es\",\"potentialAction\":[{\"@type\":\"ReadAction\",\"target\":[\"https:\/\/alltherapyonline.com\/facetoface\/\"]}]},{\"@type\":\"BreadcrumbList\",\"@id\":\"https:\/\/alltherapyonline.com\/facetoface\/#breadcrumb\",\"itemListElement\":[{\"@type\":\"ListItem\",\"position\":1,\"name\":\"Home\",\"item\":\"https:\/\/alltherapyonline.com\/\"},{\"@type\":\"ListItem\",\"position\":2,\"name\":\"Face-to-face therapy\"}]},{\"@type\":\"WebSite\",\"@id\":\"https:\/\/alltherapyonline.com\/#website\",\"url\":\"https:\/\/alltherapyonline.com\/\",\"name\":\"Brenda Becerril\",\"description\":\"Doutora em Teoria Psicoanal\u00edtica\",\"publisher\":{\"@id\":\"https:\/\/alltherapyonline.com\/#organization\"},\"potentialAction\":[{\"@type\":\"SearchAction\",\"target\":{\"@type\":\"EntryPoint\",\"urlTemplate\":\"https:\/\/alltherapyonline.com\/?s={search_term_string}\"},\"query-input\":{\"@type\":\"PropertyValueSpecification\",\"valueRequired\":true,\"valueName\":\"search_term_string\"}}],\"inLanguage\":\"es\"},{\"@type\":\"Organization\",\"@id\":\"https:\/\/alltherapyonline.com\/#organization\",\"name\":\"Brenda Becerril\",\"url\":\"https:\/\/alltherapyonline.com\/\",\"logo\":{\"@type\":\"ImageObject\",\"inLanguage\":\"es\",\"@id\":\"https:\/\/alltherapyonline.com\/#\/schema\/logo\/image\/\",\"url\":\"https:\/\/alltherapyonline.com\/wp-content\/uploads\/2016\/12\/Screen-Shot-2016-12-01-at-23.50.16.png\",\"contentUrl\":\"https:\/\/alltherapyonline.com\/wp-content\/uploads\/2016\/12\/Screen-Shot-2016-12-01-at-23.50.16.png\",\"width\":371,\"height\":155,\"caption\":\"Brenda Becerril\"},\"image\":{\"@id\":\"https:\/\/alltherapyonline.com\/#\/schema\/logo\/image\/\"}}]}<\/script>\n<!-- \/ Yoast SEO plugin. -->","yoast_head_json":{"title":"[:en]Face-to-face therapy[:es]Atenci\u00f3n presencial[:pb]Atendimento presencial[:] - Brenda Becerril","robots":{"index":"index","follow":"follow","max-snippet":"max-snippet:-1","max-image-preview":"max-image-preview:large","max-video-preview":"max-video-preview:-1"},"canonical":"https:\/\/alltherapyonline.com\/facetoface\/","og_locale":"es_ES","og_type":"article","og_title":"[:en]Face-to-face therapy[:es]Atenci\u00f3n presencial[:pb]Atendimento presencial[:] - Brenda Becerril","og_description":"\u00bfQu\u00e9 es la terapia presencial?La terapia presencial, como su nombre indica, es una modalidad que demanda la presencia de paciente y terapeuta, facilitando el establecimiento de un v\u00ednculo profesional entre ambos. Siendo el m\u00e9todo tradicional por excelencia, su uso requiere","og_url":"https:\/\/alltherapyonline.com\/facetoface\/","og_site_name":"Brenda Becerril","article_modified_time":"2024-05-30T05:23:02+00:00","twitter_card":"summary_large_image","twitter_misc":{"Tiempo de lectura":"2 minutos"},"schema":{"@context":"https:\/\/schema.org","@graph":[{"@type":"WebPage","@id":"https:\/\/alltherapyonline.com\/facetoface\/","url":"https:\/\/alltherapyonline.com\/facetoface\/","name":"[:en]Face-to-face therapy[:es]Atenci\u00f3n presencial[:pb]Atendimento presencial[:] - Brenda Becerril","isPartOf":{"@id":"https:\/\/alltherapyonline.com\/#website"},"datePublished":"2017-01-29T23:20:20+00:00","dateModified":"2024-05-30T05:23:02+00:00","breadcrumb":{"@id":"https:\/\/alltherapyonline.com\/facetoface\/#breadcrumb"},"inLanguage":"es","potentialAction":[{"@type":"ReadAction","target":["https:\/\/alltherapyonline.com\/facetoface\/"]}]},{"@type":"BreadcrumbList","@id":"https:\/\/alltherapyonline.com\/facetoface\/#breadcrumb","itemListElement":[{"@type":"ListItem","position":1,"name":"Home","item":"https:\/\/alltherapyonline.com\/"},{"@type":"ListItem","position":2,"name":"Face-to-face therapy"}]},{"@type":"WebSite","@id":"https:\/\/alltherapyonline.com\/#website","url":"https:\/\/alltherapyonline.com\/","name":"Brenda Becerril","description":"Doutora em Teoria Psicoanal\u00edtica","publisher":{"@id":"https:\/\/alltherapyonline.com\/#organization"},"potentialAction":[{"@type":"SearchAction","target":{"@type":"EntryPoint","urlTemplate":"https:\/\/alltherapyonline.com\/?s={search_term_string}"},"query-input":{"@type":"PropertyValueSpecification","valueRequired":true,"valueName":"search_term_string"}}],"inLanguage":"es"},{"@type":"Organization","@id":"https:\/\/alltherapyonline.com\/#organization","name":"Brenda Becerril","url":"https:\/\/alltherapyonline.com\/","logo":{"@type":"ImageObject","inLanguage":"es","@id":"https:\/\/alltherapyonline.com\/#\/schema\/logo\/image\/","url":"https:\/\/alltherapyonline.com\/wp-content\/uploads\/2016\/12\/Screen-Shot-2016-12-01-at-23.50.16.png","contentUrl":"https:\/\/alltherapyonline.com\/wp-content\/uploads\/2016\/12\/Screen-Shot-2016-12-01-at-23.50.16.png","width":371,"height":155,"caption":"Brenda Becerril"},"image":{"@id":"https:\/\/alltherapyonline.com\/#\/schema\/logo\/image\/"}}]}},"_links":{"self":[{"href":"https:\/\/alltherapyonline.com\/es\/wp-json\/wp\/v2\/pages\/320","targetHints":{"allow":["GET"]}}],"collection":[{"href":"https:\/\/alltherapyonline.com\/es\/wp-json\/wp\/v2\/pages"}],"about":[{"href":"https:\/\/alltherapyonline.com\/es\/wp-json\/wp\/v2\/types\/page"}],"author":[{"embeddable":true,"href":"https:\/\/alltherapyonline.com\/es\/wp-json\/wp\/v2\/users\/1"}],"replies":[{"embeddable":true,"href":"https:\/\/alltherapyonline.com\/es\/wp-json\/wp\/v2\/comments?post=320"}],"version-history":[{"count":23,"href":"https:\/\/alltherapyonline.com\/es\/wp-json\/wp\/v2\/pages\/320\/revisions"}],"predecessor-version":[{"id":1429,"href":"https:\/\/alltherapyonline.com\/es\/wp-json\/wp\/v2\/pages\/320\/revisions\/1429"}],"wp:attachment":[{"href":"https:\/\/alltherapyonline.com\/es\/wp-json\/wp\/v2\/media?parent=320"}],"curies":[{"name":"wp","href":"https:\/\/api.w.org\/{rel}","templated":true}]}}