{"id":1028,"date":"2019-08-27T19:18:26","date_gmt":"2019-08-27T19:18:26","guid":{"rendered":"https:\/\/alltherapyonline.com\/?page_id=1028"},"modified":"2024-05-30T05:23:25","modified_gmt":"2024-05-30T05:23:25","slug":"card","status":"publish","type":"page","link":"https:\/\/alltherapyonline.com\/pb\/card\/","title":{"rendered":"PayPal"},"content":{"rendered":"<div id=\"pl-1028\"  class=\"panel-layout\" ><div id=\"pg-1028-0\"  class=\"panel-grid panel-has-style\" ><div class=\"siteorigin-panels-stretch panel-row-style panel-row-style-for-1028-0\" data-stretch-type=\"full\" ><div id=\"pgc-1028-0-0\"  class=\"panel-grid-cell panel-grid-cell-empty\" ><\/div><div id=\"pgc-1028-0-1\"  class=\"panel-grid-cell panel-grid-cell-mobile-last\" ><div id=\"panel-1028-0-1-0\" class=\"so-panel widget widget_sow-editor panel-first-child\" data-index=\"0\" ><div class=\"panel-widget-style panel-widget-style-for-1028-0-1-0\" ><div\n\t\t\t\n\t\t\tclass=\"so-widget-sow-editor so-widget-sow-editor-base\"\n\t\t\t\n\t\t>\n<div class=\"siteorigin-widget-tinymce textwidget\">\n\t<h2 class=\"Body\" style=\"text-align: center;\"><span style=\"color: #5e0034;\"><\/span><span style=\"color: #5e0034;\">Pague com Cart\u00e3o de Cr\u00e9dito ou D\u00e9bito<\/span><\/h2>\n<h5 class=\"Body\" style=\"text-align: center;\"><span style=\"color: #5e0034;\">Clique no bot\u00e3o para pagar a quant\u00eda mostrada[:<\/span><\/h5>\n<\/div>\n<\/div><\/div><\/div><div id=\"panel-1028-0-1-1\" class=\"so-panel widget widget_sow-editor panel-last-child\" data-index=\"1\" ><div\n\t\t\t\n\t\t\tclass=\"so-widget-sow-editor so-widget-sow-editor-base\"\n\t\t\t\n\t\t>\n<div class=\"siteorigin-widget-tinymce textwidget\">\n\t<p style=\"text-align: center;\"><div class=\"asp_product_buy_button\"><div class=\"asp-processing-cont\" style=\"display:none;\"><span class=\"asp-processing\">Processing <i>.<\/i><i>.<\/i><i>.<\/i><\/span><\/div><form id=\"asp_ng_form_069ea247a4a3dd\" class=\"asp-stripe-form\" action=\"\"  method=\"POST\"> <input type=\"hidden\" name=\"asp_product_id\" value=\"1027\" \/><div class=\"asp-child-hidden-fields\" style=\"display: none !important;\"><\/div><\/form><div id=\"asp-all-buttons-container-069ea247a4a3dd\" class=\"asp_all_buttons_container\"><div class=\"asp_product_buy_btn_container\"><button id=\"asp_ng_button_069ea247a4a3dd\" type=\"submit\" class=\"asp_product_buy_btn blue\" ><span>Pagamento<\/span><\/button><\/div><noscript>Stripe Payments requires Javascript to be supported by the browser in order to operate.<\/noscript><\/div><div id=\"asp-btn-spinner-container-069ea247a4a3dd\" class=\"asp-btn-spinner-container\" style=\"display: none !important\"><div class=\"asp-btn-spinner\"><div><\/div><div><\/div><div><\/div><div><\/div><\/div><\/div><script>var asp_data_069ea247a4a3dd = {\"is_live\":true,\"product_id\":1027,\"iframe_url\":\"https:\\\/\\\/alltherapyonline.com\\\/pb\\\/asp-payment-box\\\/?product_id=1027\",\"button_key\":\"aff0cb3d5de73f372e31c1b0d41beb97\",\"item_price\":0,\"quantity\":0,\"custom_quantity\":\"1\",\"description\":\"Por favor, fa\\u00e7a seu pagamento\",\"descrGenerated\":false,\"shipping\":0,\"tax\":0,\"image\":\"\",\"currency\":\"MXN\",\"currency_variable\":\"\",\"locale\":\"auto\",\"name\":\"Terapia Remota\",\"url\":\"\",\"amount\":0,\"billingAddress\":false,\"shippingAddress\":false,\"customer_email\":\"\",\"uniq_id\":\"069ea247a4a3dd\",\"variable\":true,\"zeroCents\":[\"JPY\",\"MGA\",\"VND\",\"KRW\"],\"addonHooks\":[],\"button_text\":\"Pagamento\",\"out_of_stock\":false,\"stock_control_enabled\":false,\"stock_items\":0,\"currencyFormat\":{\"c\":0,\"d\":false,\"t\":\"\",\"s\":\"MX$\",\"pos\":\"left\"},\"displayStr\":{\"tax\":\"%s (tax)\",\"ship\":\"%s (shipping)\"},\"thankyou_page_url\":\"\",\"show_custom_amount_input\":false};if(typeof jQuery!==\"undefined\") {jQuery(document).ready(function() {new stripeHandlerNG(asp_data_069ea247a4a3dd);});} else { if (typeof wpaspInitOnDocReady===\"undefined\") {var wpaspInitOnDocReady=[];} wpaspInitOnDocReady.push(asp_data_069ea247a4a3dd);}<\/script><\/div><\/p>\n<\/div>\n<\/div><\/div><\/div><div id=\"pgc-1028-0-2\"  class=\"panel-grid-cell panel-grid-cell-empty\" ><\/div><\/div><\/div><div id=\"pg-1028-1\"  class=\"panel-grid panel-has-style\" ><div class=\"siteorigin-panels-stretch panel-row-style panel-row-style-for-1028-1\" data-stretch-type=\"full\" ><div id=\"pgc-1028-1-0\"  class=\"panel-grid-cell\" ><div id=\"panel-1028-1-0-0\" class=\"so-panel widget widget_sow-headline panel-first-child\" data-index=\"2\" ><div\n\t\t\t\n\t\t\tclass=\"so-widget-sow-headline so-widget-sow-headline-default-f0c12d25c6e2-1028\"\n\t\t\t\n\t\t><div class=\"sow-headline-container \">\n\t\t\t\t\t\t\t<h1 class=\"sow-headline\">\n\t\t\t\t\t\tN\u00e3o deixe para amanh\u00e3, fa\u00e7a hoje!\t\t\t\t\t\t<\/h1>\n\t\t\t\t\t\t<\/div>\n<\/div><\/div><div id=\"panel-1028-1-0-1\" class=\"so-panel widget widget_sow-social-media-buttons\" data-index=\"3\" ><div\n\t\t\t\n\t\t\tclass=\"so-widget-sow-social-media-buttons so-widget-sow-social-media-buttons-flat-322b4cc5ab7e-1028\"\n\t\t\t\n\t\t>\n\n<div class=\"social-media-button-container\">\n\t\n\t\t<a \n\t\tclass=\"ow-button-hover sow-social-media-button-facebook-0 sow-social-media-button\" title=\"Brenda Becerril em Facebook\" aria-label=\"Brenda Becerril em Facebook\" target=\"_blank\" rel=\"noopener noreferrer\" href=\"https:\/\/www.facebook.com\/terapiapsicologicaypsicoanalisis\/\" \t\t>\n\t\t\t<span>\n\t\t\t\t\t\t\t\t<span class=\"sow-icon-fontawesome sow-fab\" data-sow-icon=\"&#xf39e;\"\n\t\t \n\t\taria-hidden=\"true\"><\/span>\t\t\t\t\t\t\t<\/span>\n\t\t<\/a>\n\t\n\t\t<a \n\t\tclass=\"ow-button-hover sow-social-media-button-linkedin-0 sow-social-media-button\" title=\"Brenda Becerril em Linkedin\" aria-label=\"Brenda Becerril em Linkedin\" target=\"_blank\" rel=\"noopener noreferrer\" href=\"https:\/\/www.linkedin.com\/in\/brenda-ibeth-becerril-guti%C3%A9rrez-phd-98b01aa0\/\" \t\t>\n\t\t\t<span>\n\t\t\t\t\t\t\t\t<span class=\"sow-icon-fontawesome sow-fab\" data-sow-icon=\"&#xf0e1;\"\n\t\t \n\t\taria-hidden=\"true\"><\/span>\t\t\t\t\t\t\t<\/span>\n\t\t<\/a>\n\t\n\t\t<a \n\t\tclass=\"ow-button-hover sow-social-media-button-envelope-0 sow-social-media-button\" title=\"Brenda Becerril em Envelope\" aria-label=\"Brenda Becerril em Envelope\" target=\"_blank\" rel=\"noopener noreferrer\" href=\"\/contact-me\" \t\t>\n\t\t\t<span>\n\t\t\t\t\t\t\t\t<span class=\"sow-icon-fontawesome sow-fas\" data-sow-icon=\"&#xf0e0;\"\n\t\t \n\t\taria-hidden=\"true\"><\/span>\t\t\t\t\t\t\t<\/span>\n\t\t<\/a>\n\t\n\t\t<a \n\t\tclass=\"ow-button-hover sow-social-media-button-whatsapp-0 sow-social-media-button\" title=\"Brenda Becerril em Whatsapp\" aria-label=\"Brenda Becerril em Whatsapp\" target=\"_blank\" rel=\"noopener noreferrer\" href=\"https:\/\/api.whatsapp.com\/send\/?phone=%2B525534576937&#038;text=Hola%2C+me+interesa+conocer+m%C3%A1s+de+tus+servicios.&#038;type=phone_number&#038;app_absent=0\" \t\t>\n\t\t\t<span>\n\t\t\t\t\t\t\t\t<span class=\"sow-icon-fontawesome sow-fab\" data-sow-icon=\"&#xf232;\"\n\t\t \n\t\taria-hidden=\"true\"><\/span>\t\t\t\t\t\t\t<\/span>\n\t\t<\/a>\n\t<\/div>\n<\/div><\/div><div id=\"panel-1028-1-0-2\" class=\"so-panel widget widget_text panel-last-child\" data-index=\"4\" ><div class=\"panel-widget-style panel-widget-style-for-1028-1-0-2\" >\t\t\t<div class=\"textwidget\"><script>\njQuery(document).ready(function() {\nvar search = window.location.search;\nvar amount = 0;\n\nif (search) {\n    var a = search.split('?amount=');\n    amount = a.length ? a[1] : amount;\n}\n\njQuery('a[href=\"https:\/\/alltherapyonline.com\/payment\/\"]').each(function (i, a) {\n\tvar href = jQuery(a).attr('href');\n\tjQuery(a).attr('href', href + window.location.search);\n})\n\ndocument.getElementById('amount').value = amount;\ndocument.getElementById('total').value = amount;\n});\n<\/script>\n<\/div>\n\t\t<\/div><\/div><\/div><\/div><\/div><\/div>","protected":false},"excerpt":{"rendered":"<p>Pague com Cart\u00e3o de Cr\u00e9dito ou D\u00e9bito Clique no bot\u00e3o para pagar a quant\u00eda mostrada[:<\/p>\n","protected":false},"author":1,"featured_media":0,"parent":0,"menu_order":0,"comment_status":"closed","ping_status":"closed","template":"","meta":{"_joinchat":[],"footnotes":""},"class_list":["post-1028","page","type-page","status-publish","hentry"],"yoast_head":"<!-- This site is optimized with the Yoast SEO plugin v27.2 - https:\/\/yoast.com\/product\/yoast-seo-wordpress\/ -->\n<title>PayPal - Brenda Becerril<\/title>\n<meta name=\"robots\" content=\"index, follow, max-snippet:-1, max-image-preview:large, max-video-preview:-1\" \/>\n<link rel=\"canonical\" href=\"https:\/\/alltherapyonline.com\/card\/\" \/>\n<meta property=\"og:locale\" content=\"pt_BR\" \/>\n<meta property=\"og:type\" content=\"article\" \/>\n<meta property=\"og:title\" content=\"[:en]Credit or Debit Card[:es]PayPal[:pb]PayPal[:] - Brenda Becerril\" \/>\n<meta property=\"og:description\" content=\"Pague com Cart\u00e3o de Cr\u00e9dito ou D\u00e9bito Clique no bot\u00e3o para pagar a quant\u00eda mostrada[:\" \/>\n<meta property=\"og:url\" content=\"https:\/\/alltherapyonline.com\/card\/\" \/>\n<meta property=\"og:site_name\" content=\"Brenda Becerril\" \/>\n<meta property=\"article:modified_time\" content=\"2024-05-30T05:23:25+00:00\" \/>\n<meta name=\"twitter:card\" content=\"summary_large_image\" \/>\n<meta name=\"twitter:label1\" content=\"Est. tempo de leitura\" \/>\n\t<meta name=\"twitter:data1\" content=\"1 minuto\" \/>\n<script type=\"application\/ld+json\" class=\"yoast-schema-graph\">{\"@context\":\"https:\/\/schema.org\",\"@graph\":[{\"@type\":\"WebPage\",\"@id\":\"https:\/\/alltherapyonline.com\/card\/\",\"url\":\"https:\/\/alltherapyonline.com\/card\/\",\"name\":\"[:en]Credit or Debit Card[:es]PayPal[:pb]PayPal[:] - Brenda Becerril\",\"isPartOf\":{\"@id\":\"https:\/\/alltherapyonline.com\/#website\"},\"datePublished\":\"2019-08-27T19:18:26+00:00\",\"dateModified\":\"2024-05-30T05:23:25+00:00\",\"breadcrumb\":{\"@id\":\"https:\/\/alltherapyonline.com\/card\/#breadcrumb\"},\"inLanguage\":\"pt-BR\",\"potentialAction\":[{\"@type\":\"ReadAction\",\"target\":[\"https:\/\/alltherapyonline.com\/card\/\"]}]},{\"@type\":\"BreadcrumbList\",\"@id\":\"https:\/\/alltherapyonline.com\/card\/#breadcrumb\",\"itemListElement\":[{\"@type\":\"ListItem\",\"position\":1,\"name\":\"Home\",\"item\":\"https:\/\/alltherapyonline.com\/\"},{\"@type\":\"ListItem\",\"position\":2,\"name\":\"Credit or Debit Card\"}]},{\"@type\":\"WebSite\",\"@id\":\"https:\/\/alltherapyonline.com\/#website\",\"url\":\"https:\/\/alltherapyonline.com\/\",\"name\":\"Brenda Becerril\",\"description\":\"Doutora em Teoria Psicoanal\u00edtica\",\"publisher\":{\"@id\":\"https:\/\/alltherapyonline.com\/#organization\"},\"potentialAction\":[{\"@type\":\"SearchAction\",\"target\":{\"@type\":\"EntryPoint\",\"urlTemplate\":\"https:\/\/alltherapyonline.com\/?s={search_term_string}\"},\"query-input\":{\"@type\":\"PropertyValueSpecification\",\"valueRequired\":true,\"valueName\":\"search_term_string\"}}],\"inLanguage\":\"pt-BR\"},{\"@type\":\"Organization\",\"@id\":\"https:\/\/alltherapyonline.com\/#organization\",\"name\":\"Brenda Becerril\",\"url\":\"https:\/\/alltherapyonline.com\/\",\"logo\":{\"@type\":\"ImageObject\",\"inLanguage\":\"pt-BR\",\"@id\":\"https:\/\/alltherapyonline.com\/#\/schema\/logo\/image\/\",\"url\":\"https:\/\/alltherapyonline.com\/wp-content\/uploads\/2016\/12\/Screen-Shot-2016-12-01-at-23.50.16.png\",\"contentUrl\":\"https:\/\/alltherapyonline.com\/wp-content\/uploads\/2016\/12\/Screen-Shot-2016-12-01-at-23.50.16.png\",\"width\":371,\"height\":155,\"caption\":\"Brenda Becerril\"},\"image\":{\"@id\":\"https:\/\/alltherapyonline.com\/#\/schema\/logo\/image\/\"}}]}<\/script>\n<!-- \/ Yoast SEO plugin. -->","yoast_head_json":{"title":"[:en]Credit or Debit Card[:es]PayPal[:pb]PayPal[:] - Brenda Becerril","robots":{"index":"index","follow":"follow","max-snippet":"max-snippet:-1","max-image-preview":"max-image-preview:large","max-video-preview":"max-video-preview:-1"},"canonical":"https:\/\/alltherapyonline.com\/card\/","og_locale":"pt_BR","og_type":"article","og_title":"[:en]Credit or Debit Card[:es]PayPal[:pb]PayPal[:] - Brenda Becerril","og_description":"Pague com Cart\u00e3o de Cr\u00e9dito ou D\u00e9bito Clique no bot\u00e3o para pagar a quant\u00eda mostrada[:","og_url":"https:\/\/alltherapyonline.com\/card\/","og_site_name":"Brenda Becerril","article_modified_time":"2024-05-30T05:23:25+00:00","twitter_card":"summary_large_image","twitter_misc":{"Est. tempo de leitura":"1 minuto"},"schema":{"@context":"https:\/\/schema.org","@graph":[{"@type":"WebPage","@id":"https:\/\/alltherapyonline.com\/card\/","url":"https:\/\/alltherapyonline.com\/card\/","name":"[:en]Credit or Debit Card[:es]PayPal[:pb]PayPal[:] - Brenda Becerril","isPartOf":{"@id":"https:\/\/alltherapyonline.com\/#website"},"datePublished":"2019-08-27T19:18:26+00:00","dateModified":"2024-05-30T05:23:25+00:00","breadcrumb":{"@id":"https:\/\/alltherapyonline.com\/card\/#breadcrumb"},"inLanguage":"pt-BR","potentialAction":[{"@type":"ReadAction","target":["https:\/\/alltherapyonline.com\/card\/"]}]},{"@type":"BreadcrumbList","@id":"https:\/\/alltherapyonline.com\/card\/#breadcrumb","itemListElement":[{"@type":"ListItem","position":1,"name":"Home","item":"https:\/\/alltherapyonline.com\/"},{"@type":"ListItem","position":2,"name":"Credit or Debit Card"}]},{"@type":"WebSite","@id":"https:\/\/alltherapyonline.com\/#website","url":"https:\/\/alltherapyonline.com\/","name":"Brenda Becerril","description":"Doutora em Teoria Psicoanal\u00edtica","publisher":{"@id":"https:\/\/alltherapyonline.com\/#organization"},"potentialAction":[{"@type":"SearchAction","target":{"@type":"EntryPoint","urlTemplate":"https:\/\/alltherapyonline.com\/?s={search_term_string}"},"query-input":{"@type":"PropertyValueSpecification","valueRequired":true,"valueName":"search_term_string"}}],"inLanguage":"pt-BR"},{"@type":"Organization","@id":"https:\/\/alltherapyonline.com\/#organization","name":"Brenda Becerril","url":"https:\/\/alltherapyonline.com\/","logo":{"@type":"ImageObject","inLanguage":"pt-BR","@id":"https:\/\/alltherapyonline.com\/#\/schema\/logo\/image\/","url":"https:\/\/alltherapyonline.com\/wp-content\/uploads\/2016\/12\/Screen-Shot-2016-12-01-at-23.50.16.png","contentUrl":"https:\/\/alltherapyonline.com\/wp-content\/uploads\/2016\/12\/Screen-Shot-2016-12-01-at-23.50.16.png","width":371,"height":155,"caption":"Brenda Becerril"},"image":{"@id":"https:\/\/alltherapyonline.com\/#\/schema\/logo\/image\/"}}]}},"_links":{"self":[{"href":"https:\/\/alltherapyonline.com\/pb\/wp-json\/wp\/v2\/pages\/1028","targetHints":{"allow":["GET"]}}],"collection":[{"href":"https:\/\/alltherapyonline.com\/pb\/wp-json\/wp\/v2\/pages"}],"about":[{"href":"https:\/\/alltherapyonline.com\/pb\/wp-json\/wp\/v2\/types\/page"}],"author":[{"embeddable":true,"href":"https:\/\/alltherapyonline.com\/pb\/wp-json\/wp\/v2\/users\/1"}],"replies":[{"embeddable":true,"href":"https:\/\/alltherapyonline.com\/pb\/wp-json\/wp\/v2\/comments?post=1028"}],"version-history":[{"count":16,"href":"https:\/\/alltherapyonline.com\/pb\/wp-json\/wp\/v2\/pages\/1028\/revisions"}],"predecessor-version":[{"id":1430,"href":"https:\/\/alltherapyonline.com\/pb\/wp-json\/wp\/v2\/pages\/1028\/revisions\/1430"}],"wp:attachment":[{"href":"https:\/\/alltherapyonline.com\/pb\/wp-json\/wp\/v2\/media?parent=1028"}],"curies":[{"name":"wp","href":"https:\/\/api.w.org\/{rel}","templated":true}]}}