{"id":285,"date":"2017-01-29T19:40:36","date_gmt":"2017-01-29T19:40:36","guid":{"rendered":"https:\/\/alltherapyonline.com\/?page_id=285"},"modified":"2024-05-31T01:46:30","modified_gmt":"2024-05-31T01:46:30","slug":"therapist","status":"publish","type":"page","link":"https:\/\/alltherapyonline.com\/pb\/therapist\/","title":{"rendered":"Conhe\u00e7a a terapeuta"},"content":{"rendered":"<div id=\"pl-285\"  class=\"panel-layout\" ><div id=\"pg-285-0\"  class=\"panel-grid panel-has-style\" ><div class=\"panel-row-style panel-row-style-for-285-0\" ><div id=\"pgc-285-0-0\"  class=\"panel-grid-cell\" ><div id=\"panel-285-0-0-0\" class=\"so-panel widget widget_sow-image panel-first-child panel-last-child\" data-index=\"0\" ><div\n\t\t\t\n\t\t\tclass=\"so-widget-sow-image so-widget-sow-image-default-e4c2d9f6c920-285\"\n\t\t\t\n\t\t>\n<div class=\"sow-image-container\">\n\t\t<img \n\tsrc=\"https:\/\/alltherapyonline.com\/wp-content\/uploads\/2017\/01\/brenda_pic.png\" width=\"720\" height=\"960\" srcset=\"https:\/\/alltherapyonline.com\/wp-content\/uploads\/2017\/01\/brenda_pic.png 720w, https:\/\/alltherapyonline.com\/wp-content\/uploads\/2017\/01\/brenda_pic-225x300.png 225w\" sizes=\"(max-width: 720px) 100vw, 720px\" title=\"Brenda\" alt=\"\" \t\tclass=\"so-widget-image\"\/>\n\t<\/div>\n\n<\/div><\/div><\/div><div id=\"pgc-285-0-1\"  class=\"panel-grid-cell\" ><div id=\"panel-285-0-1-0\" class=\"so-panel widget widget_sow-editor panel-first-child panel-last-child\" data-index=\"1\" ><div\n\t\t\t\n\t\t\tclass=\"so-widget-sow-editor so-widget-sow-editor-base\"\n\t\t\t\n\t\t>\n<div class=\"siteorigin-widget-tinymce textwidget\">\n\t<div id=\"panel-75-0-1-0\" class=\"so-panel widget widget_sow-editor panel-first-child\" data-index=\"1\">\n<div class=\"panel-widget-style\">\n<div class=\"so-widget-sow-editor so-widget-sow-editor-base\">\n<div class=\"siteorigin-widget-tinymce textwidget\">\n<h1 class=\"Body\"><span style=\"color: #5e0034;\"><strong><span lang=\"ES-TRAD\">Brenda Ibeth Becerril Guti\u00e9rrez<\/span><\/strong><\/span><\/h1>\n<h2 class=\"Body\"><span style=\"color: #5e0034;\"><strong><span lang=\"ES-TRAD\">C\u00e9d. Prof. 3984524<\/span><\/strong><\/span><\/h2>\n<ul>\n<li>Brenda conta com grau de mestrado e doutorado em teoria psicanal\u00edtica pela Universidade Federal do Rio de Janeiro, e forma\u00e7\u00e3o em psicologia pela Universidade Aut\u00f4noma do Estado do M\u00e9xico.<\/li>\n<\/ul>\n<ul>\n<li>\n<p>Membro da Escola da Letra Psicanal\u00edtica (ESLEP)\n<\/li>\n<\/ul>\n<ul>\n<li>Tem experi\u00eancia no atendimento particular a jovens, adultos e idosos desde 2001 at\u00e9 hoje.<\/li>\n<\/ul>\n<ul>\n<li>Trabalhou tamb\u00e9m no setor p\u00fablico, como Chefe do Departamento de Aten\u00e7\u00e3o Psicol\u00f3gica e Psiqui\u00e1trica, e respons\u00e1vel da Cl\u00ednica de Sa\u00fade Mental \u201cRam\u00f3n de la Fuente\u201d, no DIF, Estado do M\u00e9xico.\u00a0<\/li>\n<\/ul>\n<ul>\n<li>\u00a0Tem participado em diversas palestras, cursos e programas de r\u00e1dio e televis\u00e3o em assuntos relativos \u00e0 sa\u00fade mental, tais como a depress\u00e3o, autoestima, suicidio, trastornos alimentarios, viol\u00eancia de g\u00eanero e ansiedade, entre outros.<\/li>\n<\/ul>\n<ul>\n<li>Oferece consulta em espanhol, ingl\u00eas ou portugu\u00eas.<\/li>\n<\/ul>\n<p><a id=\"zl-url\" class=\"zl-url\" href=\"https:\/\/www.doctoralia.com.mx\/brenda-ibeth-becerril-gutierrez\/psicoanalista-psicologo\/cuauhtemoc2\" rel=\"nofollow\" data-zlw-doctor=\"brenda-ibeth-becerril-gutierrez\" data-zlw-type=\"big\" data-zlw-opinion=\"true\" data-zlw-hide-branding=\"true\">Brenda Ibeth Becerril Guti\u00e9rrez - Doctoralia.com.mx<\/a>\n<\/div>\n<\/div>\n<\/div>\n<\/div>\n<\/div>\n<\/div><\/div><\/div><\/div><\/div><div id=\"pg-285-1\"  class=\"panel-grid panel-has-style\" ><div class=\"panel-row-style panel-row-style-for-285-1\" ><div id=\"pgc-285-1-0\"  class=\"panel-grid-cell panel-grid-cell-empty\" ><\/div><div id=\"pgc-285-1-1\"  class=\"panel-grid-cell panel-grid-cell-mobile-last\" >          <div id=\"panel-285-1-1-0\" class=\"so-panel widget widget_textblockswidget panel-first-child panel-last-child\" data-index=\"2\" >              \t\t\t\t<div class=\"text-block contact-me-block\"><div id=\"pl-559\"  class=\"panel-layout\" >\n<div id=\"pg-559-0\"  class=\"panel-grid panel-no-style\" >\n<div id=\"pgc-559-0-0\"  class=\"panel-grid-cell\"  data-weight=\"1\" >\n<div id=\"panel-559-0-0-0\" class=\"so-panel widget widget_sow-headline panel-first-child\" data-index=\"0\" data-style=\"{&quot;background_image_attachment&quot;:false,&quot;background_display&quot;:&quot;tile&quot;,&quot;background_image_size&quot;:&quot;full&quot;,&quot;background_image_opacity&quot;:&quot;100&quot;,&quot;border_thickness&quot;:&quot;1px&quot;}\" ><div\n\t\t\t\n\t\t\tclass=\"so-widget-sow-headline so-widget-sow-headline-default-b8df1c52cfc3\"\n\t\t\t\n\t\t><div class=\"sow-headline-container \">\n\t\t\t\t\t\t\t<h1 class=\"sow-headline\">\n\t\t\t\t\t\tComo funciona?\t\t\t\t\t\t<\/h1>\n\t\t\t\t\t\t\t\t\t\t\t<div class=\"decoration\">\n\t\t\t\t\t\t<div class=\"decoration-inside\"><\/div>\n\t\t\t\t\t<\/div>\n\t\t\t\t\t\t\t\t\t\t\t<h4 class=\"sow-sub-headline\">\n\t\t\t\t\t\t5 passos simples\t\t\t\t\t\t<\/h4>\n\t\t\t\t\t\t<\/div>\n<\/div><\/div>\n<div id=\"panel-559-0-0-1\" class=\"so-panel widget widget_sow-features\" data-index=\"1\" data-style=\"{&quot;background_image_attachment&quot;:false,&quot;background_display&quot;:&quot;tile&quot;,&quot;background_image_size&quot;:&quot;full&quot;,&quot;background_image_opacity&quot;:&quot;100&quot;,&quot;border_thickness&quot;:&quot;1px&quot;}\" ><div\n\t\t\t\n\t\t\tclass=\"so-widget-sow-features so-widget-sow-features-default-6a449b7a7812\"\n\t\t\t\n\t\t><ul\n\tclass=\"sow-features-list\n\tsow-features-responsive\">\n\n\t\t\t<li\n\t\t\tclass=\"sow-features-feature sow-icon-container-position-top\"\n\t\t\tstyle=\"display: flex; flex-direction: column; width: calc(20% - 25px);\"\n\t\t>\n\t\t\t\n\t\t\t\t\t\t<div\t\t\t\tclass=\"sow-icon-container sow-container-square\"\n\t\t\t\tstyle=\"color: #ffffff; \"\n\t\t\t\t\n\t\t\t\t\t\t\t>\n\t\t\t\t<span class=\"sow-icon-typicons\" data-sow-icon=\"&#xe052;\"\n\t\tstyle=\"font-size: 48px; color: #5e0034\" \n\t\taria-hidden=\"true\"><\/span>\t\t\t<\/div>\n\n\t\t\t<div class=\"textwidget\">\n\t\t\t\t\n\t\t\t\t\t\t\t\t\t<h5 class=\"sow-features-feature-title\">\n\t\t\t\t\t\tEntre em contato\t\t\t\t\t<\/h5>\n\t\t\t\t\n\t\t\t\t\t\t\t\t\t<div class=\"sow-features-feature-text\">\n\t\t\t\t\t&lt;p&gt;Preencha o formul\u00e1rio de contato, lembre-se de digitar cuidadosamente seus dados de contato&lt;\/p&gt;\t\t\t\t\t<\/div>\n\t\t\t\t\t\t\t\t<\/div>\n\t\t\t\t\t\t\t\t<\/li>\n\n\t\t\t<li\n\t\t\tclass=\"sow-features-feature sow-icon-container-position-top\"\n\t\t\tstyle=\"display: flex; flex-direction: column; width: calc(20% - 25px);\"\n\t\t>\n\t\t\t\n\t\t\t\t\t\t<div\t\t\t\tclass=\"sow-icon-container sow-container-square\"\n\t\t\t\tstyle=\"color: #ffffff; \"\n\t\t\t\t\n\t\t\t\t\t\t\t>\n\t\t\t\t<span class=\"sow-icon-materialicons sowm-regular\" data-sow-icon=\"&#xe89b\"\n\t\tstyle=\"font-size: 48px; color: #5e0034\" \n\t\taria-hidden=\"true\"><\/span>\t\t\t<\/div>\n\n\t\t\t<div class=\"textwidget\">\n\t\t\t\t\n\t\t\t\t\t\t\t\t\t<h5 class=\"sow-features-feature-title\">\n\t\t\t\t\t\tAguarda resposta\t\t\t\t\t<\/h5>\n\t\t\t\t\n\t\t\t\t\t\t\t\t\t<div class=\"sow-features-feature-text\">\n\t\t\t\t\t&lt;p&gt; Voc\u00ea receber\u00e1 resposta em at\u00e9 48 horas.Voc\u00ea nunca ficar\u00e1 sem resposta, se n\u00e3o a recebeu, por favor me procure novamente, pois h\u00e1 algo de errado.&lt;\/p&gt;\t\t\t\t\t<\/div>\n\t\t\t\t\t\t\t\t<\/div>\n\t\t\t\t\t\t\t\t<\/li>\n\n\t\t\t<li\n\t\t\tclass=\"sow-features-feature sow-icon-container-position-top\"\n\t\t\tstyle=\"display: flex; flex-direction: column; width: calc(20% - 25px);\"\n\t\t>\n\t\t\t\n\t\t\t\t\t\t<div\t\t\t\tclass=\"sow-icon-container sow-container-square\"\n\t\t\t\tstyle=\"color: #ffffff; \"\n\t\t\t\t\n\t\t\t\t\t\t\t>\n\t\t\t\t<span class=\"sow-icon-fontawesome sow-fas\" data-sow-icon=\"&#xf073;\"\n\t\tstyle=\"font-size: 48px; color: #5e0034\" \n\t\taria-hidden=\"true\"><\/span>\t\t\t<\/div>\n\n\t\t\t<div class=\"textwidget\">\n\t\t\t\t\n\t\t\t\t\t\t\t\t\t<h5 class=\"sow-features-feature-title\">\n\t\t\t\t\t\tMarque um hor\u00e1rio\t\t\t\t\t<\/h5>\n\t\t\t\t\n\t\t\t\t\t\t\t\t\t<div class=\"sow-features-feature-text\">\n\t\t\t\t\t&lt;p&gt;A gente marca um hor\u00e1rio com base em sua disponibilidade e na minha.&lt;\/p&gt;\t\t\t\t\t<\/div>\n\t\t\t\t\t\t\t\t<\/div>\n\t\t\t\t\t\t\t\t<\/li>\n\n\t\t\t<li\n\t\t\tclass=\"sow-features-feature sow-icon-container-position-top\"\n\t\t\tstyle=\"display: flex; flex-direction: column; width: calc(20% - 25px);\"\n\t\t>\n\t\t\t\n\t\t\t\t\t\t<div\t\t\t\tclass=\"sow-icon-container sow-container-square\"\n\t\t\t\tstyle=\"color: #ffffff; \"\n\t\t\t\t\n\t\t\t\t\t\t\t>\n\t\t\t\t<span class=\"sow-icon-fontawesome sow-fas\" data-sow-icon=\"&#xf09d;\"\n\t\tstyle=\"font-size: 48px; color: #5e0034\" \n\t\taria-hidden=\"true\"><\/span>\t\t\t<\/div>\n\n\t\t\t<div class=\"textwidget\">\n\t\t\t\t\n\t\t\t\t\t\t\t\t\t<h5 class=\"sow-features-feature-title\">\n\t\t\t\t\t\tFa\u00e7a o pagamento\t\t\t\t\t<\/h5>\n\t\t\t\t\n\t\t\t\t\t\t\t\t\t<div class=\"sow-features-feature-text\">\n\t\t\t\t\t&lt;p&gt;Voc\u00ea receber\u00e1 um link para fazer o pagamento das sess\u00f5es de forma segura no meu site. O pagamento poder\u00e1 ser efetuado via PayPal ou cart\u00e3o de d\u00e9bito\/cr\u00e9dito.&lt;\/p&gt;\t\t\t\t\t<\/div>\n\t\t\t\t\t\t\t\t<\/div>\n\t\t\t\t\t\t\t\t<\/li>\n\n\t\t\t<li\n\t\t\tclass=\"sow-features-feature sow-icon-container-position-top\"\n\t\t\tstyle=\"display: flex; flex-direction: column; width: calc(20% - 25px);\"\n\t\t>\n\t\t\t\n\t\t\t\t\t\t<div\t\t\t\tclass=\"sow-icon-container sow-container-square\"\n\t\t\t\tstyle=\"color: #ffffff; \"\n\t\t\t\t\n\t\t\t\t\t\t\t>\n\t\t\t\t<span class=\"sow-icon-fontawesome sow-fas\" data-sow-icon=\"&#xf0c0;\"\n\t\tstyle=\"font-size: 48px; color: #5e0034\" \n\t\taria-hidden=\"true\"><\/span>\t\t\t<\/div>\n\n\t\t\t<div class=\"textwidget\">\n\t\t\t\t\n\t\t\t\t\t\t\t\t\t<h5 class=\"sow-features-feature-title\">\n\t\t\t\t\t\tTome a sess\u00e3o\t\t\t\t\t<\/h5>\n\t\t\t\t\n\t\t\t\t\t\t\t\t\t<div class=\"sow-features-feature-text\">\n\t\t\t\t\t&lt;p&gt;A gente poder\u00e1 se falar no dia e hor\u00e1rio marcados, e estabeleceremos o pre\u00e7o por sess\u00e3o.&lt;\/p&gt;\t\t\t\t\t<\/div>\n\t\t\t\t\t\t\t\t<\/div>\n\t\t\t\t\t\t\t\t<\/li>\n\n\t<\/ul>\n<\/div><\/div>\n<div id=\"panel-559-0-0-2\" class=\"so-panel widget widget_sow-contact-form panel-last-child\" data-index=\"2\" data-style=\"{&quot;background_image_attachment&quot;:false,&quot;background_display&quot;:&quot;tile&quot;,&quot;background_image_size&quot;:&quot;full&quot;,&quot;background_image_opacity&quot;:&quot;100&quot;,&quot;border_thickness&quot;:&quot;1px&quot;}\" ><div\n\t\t\t\n\t\t\tclass=\"so-widget-sow-contact-form so-widget-sow-contact-form-default-60cd38b38dff\"\n\t\t\t\n\t\t>\t<form\n\t\taction=\"\/pb\/wp-json\/wp\/v2\/pages\/285\"\n\t\tmethod=\"POST\"\n\t\tclass=\"sow-contact-form\"\n\t\tid=\"contact-form-e9fe\"\n\t>\n\n\t\t\n\t\t\t\t\t<div class=\"sow-form-field sow-form-field-name\">\n\t\t\t\t<label class=\"sow-form-field-label-above\" for=\"sow-contact-form-field-nome-1\">\n\t\t\t\t<strong>\n\t\t\t\t\tNome\t\t\t\t\t\t\t\t\t<\/strong>\n\t\t\t<\/label>\n\t\t\t\t\t\t\t<div class=\"sow-field-container\">\n\t\t\t\t\t\t\t<input\n\t\t\ttype=\"text\"\n\t\t\tname=\"nome-1\"\n\t\t\tid=\"sow-contact-form-field-nome-1\"\n\t\t\tvalue=\"\"\n\t\t\tclass=\"sow-text-field\"\n\t\t\t\t\t\t\t\t\/>\n\t\t\t\t\t\t<\/div>\n\t\t\t\t\t\t\t<\/div>\n\t\t\t\t\t\t<div class=\"sow-form-field sow-form-field-text\">\n\t\t\t\t<label class=\"sow-form-field-label-above\" for=\"sow-contact-form-field-localizacao-1\">\n\t\t\t\t<strong>\n\t\t\t\t\tLocaliza\u00e7\u00e3o\t\t\t\t\t\t\t\t\t<\/strong>\n\t\t\t<\/label>\n\t\t\t\t\t\t\t<div class=\"sow-field-container\">\n\t\t\t\t\t\t\t<input\n\t\t\ttype=\"text\"\n\t\t\tname=\"localizacao-1\"\n\t\t\tid=\"sow-contact-form-field-localizacao-1\"\n\t\t\tvalue=\"\"\n\t\t\tclass=\"sow-text-field\"\t\t\t\t\t\t\t\t\/>\n\t\t\t\t\t\t<\/div>\n\t\t\t\t\t\t\t<\/div>\n\t\t\t\t\t\t<div class=\"sow-form-field sow-form-field-email\">\n\t\t\t\t<label class=\"sow-form-field-label-above\" for=\"sow-contact-form-field-email-1\">\n\t\t\t\t<strong>\n\t\t\t\t\tEmail\t\t\t\t\t\t\t\t\t<\/strong>\n\t\t\t<\/label>\n\t\t\t\t\t\t\t<div class=\"sow-field-container\">\n\t\t\t\t\t\t\t<input\n\t\t\ttype=\"email\"\n\t\t\tname=\"email-1\"\n\t\t\tid=\"sow-contact-form-field-email-1\"\n\t\t\tvalue=\"\"\n\t\t\tclass=\"sow-text-field\"\t\t\t\t\t\t\t\t\/>\n\t\t\t\t\t\t<\/div>\n\t\t\t\t\t\t\t<\/div>\n\t\t\t\t\t\t<div class=\"sow-form-field sow-form-field-text\">\n\t\t\t\t<label class=\"sow-form-field-label-above\" for=\"sow-contact-form-field-telefone-1\">\n\t\t\t\t<strong>\n\t\t\t\t\tTelefone\t\t\t\t\t\t\t\t\t<\/strong>\n\t\t\t<\/label>\n\t\t\t\t\t\t\t<div class=\"sow-field-container\">\n\t\t\t\t\t\t\t<input\n\t\t\ttype=\"text\"\n\t\t\tname=\"telefone-1\"\n\t\t\tid=\"sow-contact-form-field-telefone-1\"\n\t\t\tvalue=\"\"\n\t\t\tclass=\"sow-text-field\"\t\t\t\t\t\t\t\t\/>\n\t\t\t\t\t\t<\/div>\n\t\t\t\t\t\t\t<\/div>\n\t\t\t\t\t\t<div class=\"sow-form-field sow-form-field-subject\">\n\t\t\t\t<label class=\"sow-form-field-label-above\" for=\"sow-contact-form-field-assunto-1\">\n\t\t\t\t<strong>\n\t\t\t\t\tAssunto\t\t\t\t\t\t\t\t\t<\/strong>\n\t\t\t<\/label>\n\t\t\t\t\t\t\t<div class=\"sow-field-container\">\n\t\t\t\t\t\t\t<input\n\t\t\ttype=\"text\"\n\t\t\tname=\"assunto-1\"\n\t\t\tid=\"sow-contact-form-field-assunto-1\"\n\t\t\tvalue=\"\"\n\t\t\tclass=\"sow-text-field\"\n\t\t\t\t\t\t\t\t\/>\n\t\t\t\t\t\t<\/div>\n\t\t\t\t\t\t\t<\/div>\n\t\t\t\t\t\t<div class=\"sow-form-field sow-form-field-textarea\">\n\t\t\t\t<label class=\"sow-form-field-label-above\" for=\"sow-contact-form-field-por-que-voce-tem-interesse-em-iniciar-uma-terapia-ou-analise-1\">\n\t\t\t\t<strong>\n\t\t\t\t\tPor qu\u00ea voc\u00ea tem interesse em iniciar uma terapia ou an\u00e1lise?\t\t\t\t\t\t\t\t\t<\/strong>\n\t\t\t<\/label>\n\t\t\t\t\t\t\t<div class=\"sow-field-container\">\n\t\t\t\t\t\t\t<textarea\n\t\t\tname=\"por-que-voce-tem-interesse-em-iniciar-uma-terapia-ou-analise-1\"\n\t\t\tid=\"sow-contact-form-field-por-que-voce-tem-interesse-em-iniciar-uma-terapia-ou-analise-1\"\n\t\t\trows=\"10\"\n\t\t\t\t\t\t\t\t><\/textarea>\n\t\t\t\t\t\t<\/div>\n\t\t\t\t\t\t\t<\/div>\n\t\t\t\t\t\t<div class=\"sow-form-field sow-form-field-text\">\n\t\t\t\t<label class=\"sow-form-field-label-above\" for=\"sow-contact-form-field-por-favor-informe-a-sua-disponibilidade-de-dias-e-horarios-1\">\n\t\t\t\t<strong>\n\t\t\t\t\tPor favor, informe a sua disponibilidade de dias e hor\u00e1rios\t\t\t\t\t\t\t\t\t<\/strong>\n\t\t\t<\/label>\n\t\t\t\t\t\t\t<div class=\"sow-field-container\">\n\t\t\t\t\t\t\t<input\n\t\t\ttype=\"text\"\n\t\t\tname=\"por-favor-informe-a-sua-disponibilidade-de-dias-e-horarios-1\"\n\t\t\tid=\"sow-contact-form-field-por-favor-informe-a-sua-disponibilidade-de-dias-e-horarios-1\"\n\t\t\tvalue=\"\"\n\t\t\tclass=\"sow-text-field\"\t\t\t\t\t\t\t\t\/>\n\t\t\t\t\t\t<\/div>\n\t\t\t\t\t\t\t<\/div>\n\t\t\t\n\t\t\n\t\t<div class=\"sow-submit-wrapper \n\t\tsow-submit-styled\t\t\">\n\n\t\t\t<button\n\t\t\t\ttype=\"submit\"\n\t\t\t\tclass=\"sow-submit\n\t\t\t\t\t\t\t\t\"\n\t\t\t\t\t\t\t>\n\t\t\t\tComece j\u00e1\t\t\t<\/button>\n\t\t<\/div>\n\t\t\t\t<input\n\t\t\ttype=\"hidden\"\n\t\t\tname=\"instance_hash-1\"\n\t\t\tvalue=\"e9fe8971\"\n\t\t\/>\n\n\t\t<input type=\"hidden\" id=\"_wpnonce\" name=\"_wpnonce\" value=\"8a8bef727e\" \/><input type=\"hidden\" name=\"_wp_http_referer\" value=\"\/pb\/wp-json\/wp\/v2\/pages\/285\" \/>\t<\/form>\n\t<\/div><\/div>\n<\/div>\n<\/div>\n<\/div>\n<\/div>\n          <\/div>        <\/div><div id=\"pgc-285-1-2\"  class=\"panel-grid-cell panel-grid-cell-empty\" ><\/div><\/div><\/div><div id=\"pg-285-2\"  class=\"panel-grid panel-has-style\" ><div class=\"siteorigin-panels-stretch panel-row-style panel-row-style-for-285-2\" data-stretch-type=\"full\" ><div id=\"pgc-285-2-0\"  class=\"panel-grid-cell\" ><div id=\"panel-285-2-0-0\" class=\"so-panel widget widget_sow-headline panel-first-child\" data-index=\"3\" ><div\n\t\t\t\n\t\t\tclass=\"so-widget-sow-headline so-widget-sow-headline-default-f0c12d25c6e2-285\"\n\t\t\t\n\t\t><div class=\"sow-headline-container \">\n\t\t\t\t\t\t\t<h1 class=\"sow-headline\">\n\t\t\t\t\t\tN\u00e3o deixe para amanh\u00e3, fa\u00e7a hoje!\t\t\t\t\t\t<\/h1>\n\t\t\t\t\t\t<\/div>\n<\/div><\/div><div id=\"panel-285-2-0-1\" class=\"so-panel widget widget_sow-social-media-buttons panel-last-child\" data-index=\"4\" ><div\n\t\t\t\n\t\t\tclass=\"so-widget-sow-social-media-buttons so-widget-sow-social-media-buttons-flat-322b4cc5ab7e-285\"\n\t\t\t\n\t\t>\n\n<div class=\"social-media-button-container\">\n\t\n\t\t<a \n\t\tclass=\"ow-button-hover sow-social-media-button-facebook-0 sow-social-media-button\" title=\"Brenda Becerril em Facebook\" aria-label=\"Brenda Becerril em Facebook\" target=\"_blank\" rel=\"noopener noreferrer\" href=\"https:\/\/www.facebook.com\/terapiapsicologicaypsicoanalisis\/\" \t\t>\n\t\t\t<span>\n\t\t\t\t\t\t\t\t<span class=\"sow-icon-fontawesome sow-fab\" data-sow-icon=\"&#xf39e;\"\n\t\t \n\t\taria-hidden=\"true\"><\/span>\t\t\t\t\t\t\t<\/span>\n\t\t<\/a>\n\t\n\t\t<a \n\t\tclass=\"ow-button-hover sow-social-media-button-linkedin-0 sow-social-media-button\" title=\"Brenda Becerril em Linkedin\" aria-label=\"Brenda Becerril em Linkedin\" target=\"_blank\" rel=\"noopener noreferrer\" href=\"https:\/\/www.linkedin.com\/in\/brenda-ibeth-becerril-guti%C3%A9rrez-phd-98b01aa0\/\" \t\t>\n\t\t\t<span>\n\t\t\t\t\t\t\t\t<span class=\"sow-icon-fontawesome sow-fab\" data-sow-icon=\"&#xf0e1;\"\n\t\t \n\t\taria-hidden=\"true\"><\/span>\t\t\t\t\t\t\t<\/span>\n\t\t<\/a>\n\t\n\t\t<a \n\t\tclass=\"ow-button-hover sow-social-media-button-envelope-0 sow-social-media-button\" title=\"Brenda Becerril em Envelope\" aria-label=\"Brenda Becerril em Envelope\" target=\"_blank\" rel=\"noopener noreferrer\" href=\"\/contact-me\" \t\t>\n\t\t\t<span>\n\t\t\t\t\t\t\t\t<span class=\"sow-icon-fontawesome sow-fas\" data-sow-icon=\"&#xf0e0;\"\n\t\t \n\t\taria-hidden=\"true\"><\/span>\t\t\t\t\t\t\t<\/span>\n\t\t<\/a>\n\t\n\t\t<a \n\t\tclass=\"ow-button-hover sow-social-media-button-whatsapp-0 sow-social-media-button\" title=\"Brenda Becerril em Whatsapp\" aria-label=\"Brenda Becerril em Whatsapp\" target=\"_blank\" rel=\"noopener noreferrer\" href=\"https:\/\/api.whatsapp.com\/send\/?phone=%2B525534576937&#038;text=Hola%2C+me+interesa+conocer+m%C3%A1s+de+tus+servicios.&#038;type=phone_number&#038;app_absent=0\" \t\t>\n\t\t\t<span>\n\t\t\t\t\t\t\t\t<span class=\"sow-icon-fontawesome sow-fab\" data-sow-icon=\"&#xf232;\"\n\t\t \n\t\taria-hidden=\"true\"><\/span>\t\t\t\t\t\t\t<\/span>\n\t\t<\/a>\n\t<\/div>\n<\/div><\/div><\/div><\/div><\/div><\/div>","protected":false},"excerpt":{"rendered":"<p>Brenda Ibeth Becerril Guti\u00e9rrez C\u00e9d. Prof. 3984524 Brenda conta com grau de mestrado e doutorado em teoria psicanal\u00edtica pela Universidade Federal do Rio de Janeiro, e forma\u00e7\u00e3o em psicologia pela Universidade Aut\u00f4noma do Estado do M\u00e9xico. Membro da Escola da<\/p>\n","protected":false},"author":1,"featured_media":0,"parent":0,"menu_order":0,"comment_status":"closed","ping_status":"closed","template":"","meta":{"_joinchat":[],"footnotes":""},"class_list":["post-285","page","type-page","status-publish","hentry"],"yoast_head":"<!-- This site is optimized with the Yoast SEO plugin v27.2 - https:\/\/yoast.com\/product\/yoast-seo-wordpress\/ -->\n<title>Conhe\u00e7a a terapeuta - Brenda Becerril<\/title>\n<meta name=\"robots\" content=\"index, follow, max-snippet:-1, max-image-preview:large, max-video-preview:-1\" \/>\n<link rel=\"canonical\" href=\"https:\/\/alltherapyonline.com\/therapist\/\" \/>\n<meta property=\"og:locale\" content=\"pt_BR\" \/>\n<meta property=\"og:type\" content=\"article\" \/>\n<meta property=\"og:title\" content=\"[:en]Get to know the therapist[:es]Conoce a la terapeuta[:pb]Conhe\u00e7a a terapeuta[:] - Brenda Becerril\" \/>\n<meta property=\"og:description\" content=\"Brenda Ibeth Becerril Guti\u00e9rrez C\u00e9d. Prof. 3984524 Brenda conta com grau de mestrado e doutorado em teoria psicanal\u00edtica pela Universidade Federal do Rio de Janeiro, e forma\u00e7\u00e3o em psicologia pela Universidade Aut\u00f4noma do Estado do M\u00e9xico. Membro da Escola da\" \/>\n<meta property=\"og:url\" content=\"https:\/\/alltherapyonline.com\/therapist\/\" \/>\n<meta property=\"og:site_name\" content=\"Brenda Becerril\" \/>\n<meta property=\"article:modified_time\" content=\"2024-05-31T01:46:30+00:00\" \/>\n<meta name=\"twitter:card\" content=\"summary_large_image\" \/>\n<meta name=\"twitter:label1\" content=\"Est. tempo de leitura\" \/>\n\t<meta name=\"twitter:data1\" content=\"3 minutos\" \/>\n<script type=\"application\/ld+json\" class=\"yoast-schema-graph\">{\"@context\":\"https:\/\/schema.org\",\"@graph\":[{\"@type\":\"WebPage\",\"@id\":\"https:\/\/alltherapyonline.com\/therapist\/\",\"url\":\"https:\/\/alltherapyonline.com\/therapist\/\",\"name\":\"[:en]Get to know the therapist[:es]Conoce a la terapeuta[:pb]Conhe\u00e7a a terapeuta[:] - Brenda Becerril\",\"isPartOf\":{\"@id\":\"https:\/\/alltherapyonline.com\/#website\"},\"datePublished\":\"2017-01-29T19:40:36+00:00\",\"dateModified\":\"2024-05-31T01:46:30+00:00\",\"breadcrumb\":{\"@id\":\"https:\/\/alltherapyonline.com\/therapist\/#breadcrumb\"},\"inLanguage\":\"pt-BR\",\"potentialAction\":[{\"@type\":\"ReadAction\",\"target\":[\"https:\/\/alltherapyonline.com\/therapist\/\"]}]},{\"@type\":\"BreadcrumbList\",\"@id\":\"https:\/\/alltherapyonline.com\/therapist\/#breadcrumb\",\"itemListElement\":[{\"@type\":\"ListItem\",\"position\":1,\"name\":\"Home\",\"item\":\"https:\/\/alltherapyonline.com\/\"},{\"@type\":\"ListItem\",\"position\":2,\"name\":\"Get to know the therapist\"}]},{\"@type\":\"WebSite\",\"@id\":\"https:\/\/alltherapyonline.com\/#website\",\"url\":\"https:\/\/alltherapyonline.com\/\",\"name\":\"Brenda Becerril\",\"description\":\"Doutora em Teoria Psicoanal\u00edtica\",\"publisher\":{\"@id\":\"https:\/\/alltherapyonline.com\/#organization\"},\"potentialAction\":[{\"@type\":\"SearchAction\",\"target\":{\"@type\":\"EntryPoint\",\"urlTemplate\":\"https:\/\/alltherapyonline.com\/?s={search_term_string}\"},\"query-input\":{\"@type\":\"PropertyValueSpecification\",\"valueRequired\":true,\"valueName\":\"search_term_string\"}}],\"inLanguage\":\"pt-BR\"},{\"@type\":\"Organization\",\"@id\":\"https:\/\/alltherapyonline.com\/#organization\",\"name\":\"Brenda Becerril\",\"url\":\"https:\/\/alltherapyonline.com\/\",\"logo\":{\"@type\":\"ImageObject\",\"inLanguage\":\"pt-BR\",\"@id\":\"https:\/\/alltherapyonline.com\/#\/schema\/logo\/image\/\",\"url\":\"https:\/\/alltherapyonline.com\/wp-content\/uploads\/2016\/12\/Screen-Shot-2016-12-01-at-23.50.16.png\",\"contentUrl\":\"https:\/\/alltherapyonline.com\/wp-content\/uploads\/2016\/12\/Screen-Shot-2016-12-01-at-23.50.16.png\",\"width\":371,\"height\":155,\"caption\":\"Brenda Becerril\"},\"image\":{\"@id\":\"https:\/\/alltherapyonline.com\/#\/schema\/logo\/image\/\"}}]}<\/script>\n<!-- \/ Yoast SEO plugin. -->","yoast_head_json":{"title":"[:en]Get to know the therapist[:es]Conoce a la terapeuta[:pb]Conhe\u00e7a a terapeuta[:] - Brenda Becerril","robots":{"index":"index","follow":"follow","max-snippet":"max-snippet:-1","max-image-preview":"max-image-preview:large","max-video-preview":"max-video-preview:-1"},"canonical":"https:\/\/alltherapyonline.com\/therapist\/","og_locale":"pt_BR","og_type":"article","og_title":"[:en]Get to know the therapist[:es]Conoce a la terapeuta[:pb]Conhe\u00e7a a terapeuta[:] - Brenda Becerril","og_description":"Brenda Ibeth Becerril Guti\u00e9rrez C\u00e9d. Prof. 3984524 Brenda conta com grau de mestrado e doutorado em teoria psicanal\u00edtica pela Universidade Federal do Rio de Janeiro, e forma\u00e7\u00e3o em psicologia pela Universidade Aut\u00f4noma do Estado do M\u00e9xico. Membro da Escola da","og_url":"https:\/\/alltherapyonline.com\/therapist\/","og_site_name":"Brenda Becerril","article_modified_time":"2024-05-31T01:46:30+00:00","twitter_card":"summary_large_image","twitter_misc":{"Est. tempo de leitura":"3 minutos"},"schema":{"@context":"https:\/\/schema.org","@graph":[{"@type":"WebPage","@id":"https:\/\/alltherapyonline.com\/therapist\/","url":"https:\/\/alltherapyonline.com\/therapist\/","name":"[:en]Get to know the therapist[:es]Conoce a la terapeuta[:pb]Conhe\u00e7a a terapeuta[:] - Brenda Becerril","isPartOf":{"@id":"https:\/\/alltherapyonline.com\/#website"},"datePublished":"2017-01-29T19:40:36+00:00","dateModified":"2024-05-31T01:46:30+00:00","breadcrumb":{"@id":"https:\/\/alltherapyonline.com\/therapist\/#breadcrumb"},"inLanguage":"pt-BR","potentialAction":[{"@type":"ReadAction","target":["https:\/\/alltherapyonline.com\/therapist\/"]}]},{"@type":"BreadcrumbList","@id":"https:\/\/alltherapyonline.com\/therapist\/#breadcrumb","itemListElement":[{"@type":"ListItem","position":1,"name":"Home","item":"https:\/\/alltherapyonline.com\/"},{"@type":"ListItem","position":2,"name":"Get to know the therapist"}]},{"@type":"WebSite","@id":"https:\/\/alltherapyonline.com\/#website","url":"https:\/\/alltherapyonline.com\/","name":"Brenda Becerril","description":"Doutora em Teoria Psicoanal\u00edtica","publisher":{"@id":"https:\/\/alltherapyonline.com\/#organization"},"potentialAction":[{"@type":"SearchAction","target":{"@type":"EntryPoint","urlTemplate":"https:\/\/alltherapyonline.com\/?s={search_term_string}"},"query-input":{"@type":"PropertyValueSpecification","valueRequired":true,"valueName":"search_term_string"}}],"inLanguage":"pt-BR"},{"@type":"Organization","@id":"https:\/\/alltherapyonline.com\/#organization","name":"Brenda Becerril","url":"https:\/\/alltherapyonline.com\/","logo":{"@type":"ImageObject","inLanguage":"pt-BR","@id":"https:\/\/alltherapyonline.com\/#\/schema\/logo\/image\/","url":"https:\/\/alltherapyonline.com\/wp-content\/uploads\/2016\/12\/Screen-Shot-2016-12-01-at-23.50.16.png","contentUrl":"https:\/\/alltherapyonline.com\/wp-content\/uploads\/2016\/12\/Screen-Shot-2016-12-01-at-23.50.16.png","width":371,"height":155,"caption":"Brenda Becerril"},"image":{"@id":"https:\/\/alltherapyonline.com\/#\/schema\/logo\/image\/"}}]}},"_links":{"self":[{"href":"https:\/\/alltherapyonline.com\/pb\/wp-json\/wp\/v2\/pages\/285","targetHints":{"allow":["GET"]}}],"collection":[{"href":"https:\/\/alltherapyonline.com\/pb\/wp-json\/wp\/v2\/pages"}],"about":[{"href":"https:\/\/alltherapyonline.com\/pb\/wp-json\/wp\/v2\/types\/page"}],"author":[{"embeddable":true,"href":"https:\/\/alltherapyonline.com\/pb\/wp-json\/wp\/v2\/users\/1"}],"replies":[{"embeddable":true,"href":"https:\/\/alltherapyonline.com\/pb\/wp-json\/wp\/v2\/comments?post=285"}],"version-history":[{"count":44,"href":"https:\/\/alltherapyonline.com\/pb\/wp-json\/wp\/v2\/pages\/285\/revisions"}],"predecessor-version":[{"id":1438,"href":"https:\/\/alltherapyonline.com\/pb\/wp-json\/wp\/v2\/pages\/285\/revisions\/1438"}],"wp:attachment":[{"href":"https:\/\/alltherapyonline.com\/pb\/wp-json\/wp\/v2\/media?parent=285"}],"curies":[{"name":"wp","href":"https:\/\/api.w.org\/{rel}","templated":true}]}}