{"id":355,"date":"2017-02-01T15:08:04","date_gmt":"2017-02-01T15:08:04","guid":{"rendered":"https:\/\/alltherapyonline.com\/?page_id=355"},"modified":"2024-05-30T04:53:03","modified_gmt":"2024-05-30T04:53:03","slug":"_home","status":"publish","type":"page","link":"https:\/\/alltherapyonline.com\/pb\/","title":{"rendered":"In\u00edcio"},"content":{"rendered":"<div id=\"pl-355\"  class=\"panel-layout\" ><div id=\"pg-355-0\"  class=\"panel-grid panel-has-style\" ><div class=\"panel-row-style panel-row-style-for-355-0\" ><div id=\"pgc-355-0-0\"  class=\"panel-grid-cell\" ><div id=\"panel-355-0-0-0\" class=\"so-panel widget widget_sow-headline panel-first-child\" data-index=\"0\" ><div\n\t\t\t\n\t\t\tclass=\"so-widget-sow-headline so-widget-sow-headline-default-121ef0d49478-355\"\n\t\t\t\n\t\t><div class=\"sow-headline-container \">\n\t\t\t\t\t\t\t<h4 class=\"sow-headline\">\n\t\t\t\t\t\t\"Um espa\u00e7o para questionar, pensar e refletir sobre aquilo tudo que o presente nos demanda\"\t\t\t\t\t\t<\/h4>\n\t\t\t\t\t\t<\/div>\n<\/div><\/div><div id=\"panel-355-0-0-1\" class=\"so-panel widget widget_sow-features panel-last-child\" data-index=\"1\" ><div class=\"panel-widget-style panel-widget-style-for-355-0-0-1\" ><div\n\t\t\t\n\t\t\tclass=\"so-widget-sow-features so-widget-sow-features-default-cc180221eccf-355\"\n\t\t\t\n\t\t><ul\n\tclass=\"sow-features-list\n\tsow-features-responsive\">\n\n\t\t\t<li\n\t\t\tclass=\"sow-features-feature sow-icon-container-position-top\"\n\t\t\tstyle=\"display: flex; flex-direction: column; width: calc(25% - 25px);\"\n\t\t>\n\t\t\t\n\t\t\t\t\t\t<a\t\t\t\tclass=\"sow-icon-container sow-container-round\"\n\t\t\t\tstyle=\"color: #ffffff; \"\n\t\t\t\t\n\t\t\t\t\t\t\t\t\thref=\"\/remotetherapy\"\n\t\t\t\t\t\t\t\t>\n\t\t\t\t<span class=\"sow-icon-fontawesome sow-fas\" data-sow-icon=\"&#xf109;\"\n\t\tstyle=\"font-size: 75px; color: #5e0034\" \n\t\taria-hidden=\"true\"><\/span>\t\t\t<\/a>\n\n\t\t\t<div class=\"textwidget\">\n\t\t\t\t\n\t\t\t\t\t\t\t\t\t<h5 class=\"sow-features-feature-title\">\n\t\t\t\t\t\t\t\t\t\t\t\t\t<a\n\t\t\t\t\t\t\t\thref=\"\/remotetherapy\"\n\t\t\t\t\t\t\t\t\t\t\t\t\t\t\t>\n\t\t\t\t\t\t\tAtendimento online\t\t\t\t\t\t\t<\/a>\n\t\t\t\t\t\t\t\t\t\t\t\t<\/h5>\n\t\t\t\t\n\t\t\t\t\t\t\t<\/div>\n\t\t\t\t\t\t\t\t<\/li>\n\n\t\t\t<li\n\t\t\tclass=\"sow-features-feature sow-icon-container-position-top\"\n\t\t\tstyle=\"display: flex; flex-direction: column; width: calc(25% - 25px);\"\n\t\t>\n\t\t\t\n\t\t\t\t\t\t<a\t\t\t\tclass=\"sow-icon-container sow-container-round\"\n\t\t\t\tstyle=\"color: #ffffff; \"\n\t\t\t\t\n\t\t\t\t\t\t\t\t\thref=\"\/facetoface\"\n\t\t\t\t\t\t\t\t>\n\t\t\t\t<span class=\"sow-icon-icomoon\" data-sow-icon=\"&#xe972;\"\n\t\tstyle=\"font-size: 75px; color: #5e0034\" \n\t\taria-hidden=\"true\"><\/span>\t\t\t<\/a>\n\n\t\t\t<div class=\"textwidget\">\n\t\t\t\t\n\t\t\t\t\t\t\t\t\t<h5 class=\"sow-features-feature-title\">\n\t\t\t\t\t\t\t\t\t\t\t\t\t<a\n\t\t\t\t\t\t\t\thref=\"\/facetoface\"\n\t\t\t\t\t\t\t\t\t\t\t\t\t\t\t>\n\t\t\t\t\t\t\tAtendimento presencial\t\t\t\t\t\t\t<\/a>\n\t\t\t\t\t\t\t\t\t\t\t\t<\/h5>\n\t\t\t\t\n\t\t\t\t\t\t\t<\/div>\n\t\t\t\t\t\t\t\t<\/li>\n\n\t\t\t<li\n\t\t\tclass=\"sow-features-feature sow-icon-container-position-top\"\n\t\t\tstyle=\"display: flex; flex-direction: column; width: calc(25% - 25px);\"\n\t\t>\n\t\t\t\n\t\t\t\t\t\t<a\t\t\t\tclass=\"sow-icon-container sow-container-round\"\n\t\t\t\tstyle=\"color: #ffffff; \"\n\t\t\t\t\n\t\t\t\t\t\t\t\t\thref=\"\/therapist\"\n\t\t\t\t\t\t\t\t>\n\t\t\t\t<span class=\"sow-icon-typicons\" data-sow-icon=\"&#xe09a;\"\n\t\tstyle=\"font-size: 75px; color: #5e0034\" \n\t\taria-hidden=\"true\"><\/span>\t\t\t<\/a>\n\n\t\t\t<div class=\"textwidget\">\n\t\t\t\t\n\t\t\t\t\t\t\t\t\t<h5 class=\"sow-features-feature-title\">\n\t\t\t\t\t\t\t\t\t\t\t\t\t<a\n\t\t\t\t\t\t\t\thref=\"\/therapist\"\n\t\t\t\t\t\t\t\t\t\t\t\t\t\t\t>\n\t\t\t\t\t\t\tConhe\u00e7a a terapeuta\t\t\t\t\t\t\t<\/a>\n\t\t\t\t\t\t\t\t\t\t\t\t<\/h5>\n\t\t\t\t\n\t\t\t\t\t\t\t<\/div>\n\t\t\t\t\t\t\t\t<\/li>\n\n\t\t\t<li\n\t\t\tclass=\"sow-features-feature sow-icon-container-position-top\"\n\t\t\tstyle=\"display: flex; flex-direction: column; width: calc(25% - 25px);\"\n\t\t>\n\t\t\t\n\t\t\t\t\t\t<a\t\t\t\tclass=\"sow-icon-container sow-container-round\"\n\t\t\t\tstyle=\"color: #ffffff; \"\n\t\t\t\t\n\t\t\t\t\t\t\t\t\thref=\"\/payment\"\n\t\t\t\t\t\t\t\t>\n\t\t\t\t<span class=\"sow-icon-fontawesome sow-fas\" data-sow-icon=\"&#x24;\"\n\t\tstyle=\"font-size: 75px; color: #5e0034\" \n\t\taria-hidden=\"true\"><\/span>\t\t\t<\/a>\n\n\t\t\t<div class=\"textwidget\">\n\t\t\t\t\n\t\t\t\t\t\t\t\t\t<h5 class=\"sow-features-feature-title\">\n\t\t\t\t\t\t\t\t\t\t\t\t\t<a\n\t\t\t\t\t\t\t\thref=\"\/payment\"\n\t\t\t\t\t\t\t\t\t\t\t\t\t\t\t>\n\t\t\t\t\t\t\tOp\u00e7\u00f5es de pagamento\t\t\t\t\t\t\t<\/a>\n\t\t\t\t\t\t\t\t\t\t\t\t<\/h5>\n\t\t\t\t\n\t\t\t\t\t\t\t<\/div>\n\t\t\t\t\t\t\t\t<\/li>\n\n\t<\/ul>\n<\/div><\/div><\/div><\/div><\/div><\/div><div id=\"pg-355-1\"  class=\"panel-grid panel-has-style\" ><div class=\"siteorigin-panels-stretch panel-row-style panel-row-style-for-355-1\" data-stretch-type=\"full\" ><div id=\"pgc-355-1-0\"  class=\"panel-grid-cell\" ><div id=\"panel-355-1-0-0\" class=\"so-panel widget widget_sow-headline panel-first-child\" data-index=\"2\" ><div\n\t\t\t\n\t\t\tclass=\"so-widget-sow-headline so-widget-sow-headline-default-f0c12d25c6e2-355\"\n\t\t\t\n\t\t><div class=\"sow-headline-container \">\n\t\t\t\t\t\t\t<h1 class=\"sow-headline\">\n\t\t\t\t\t\tN\u00e3o deixe para amanh\u00e3, fa\u00e7a hoje!\t\t\t\t\t\t<\/h1>\n\t\t\t\t\t\t<\/div>\n<\/div><\/div><div id=\"panel-355-1-0-1\" class=\"so-panel widget widget_sow-social-media-buttons panel-last-child\" data-index=\"3\" ><div\n\t\t\t\n\t\t\tclass=\"so-widget-sow-social-media-buttons so-widget-sow-social-media-buttons-flat-322b4cc5ab7e-355\"\n\t\t\t\n\t\t>\n\n<div class=\"social-media-button-container\">\n\t\n\t\t<a \n\t\tclass=\"ow-button-hover sow-social-media-button-facebook-0 sow-social-media-button\" title=\"Brenda Becerril em Facebook\" aria-label=\"Brenda Becerril em Facebook\" target=\"_blank\" rel=\"noopener noreferrer\" href=\"https:\/\/www.facebook.com\/terapiapsicologicaypsicoanalisis\/\" \t\t>\n\t\t\t<span>\n\t\t\t\t\t\t\t\t<span class=\"sow-icon-fontawesome sow-fab\" data-sow-icon=\"&#xf39e;\"\n\t\t \n\t\taria-hidden=\"true\"><\/span>\t\t\t\t\t\t\t<\/span>\n\t\t<\/a>\n\t\n\t\t<a \n\t\tclass=\"ow-button-hover sow-social-media-button-linkedin-0 sow-social-media-button\" title=\"Brenda Becerril em Linkedin\" aria-label=\"Brenda Becerril em Linkedin\" target=\"_blank\" rel=\"noopener noreferrer\" href=\"https:\/\/www.linkedin.com\/in\/brenda-ibeth-becerril-guti%C3%A9rrez-phd-98b01aa0\/\" \t\t>\n\t\t\t<span>\n\t\t\t\t\t\t\t\t<span class=\"sow-icon-fontawesome sow-fab\" data-sow-icon=\"&#xf0e1;\"\n\t\t \n\t\taria-hidden=\"true\"><\/span>\t\t\t\t\t\t\t<\/span>\n\t\t<\/a>\n\t\n\t\t<a \n\t\tclass=\"ow-button-hover sow-social-media-button-envelope-0 sow-social-media-button\" title=\"Brenda Becerril em Envelope\" aria-label=\"Brenda Becerril em Envelope\" target=\"_blank\" rel=\"noopener noreferrer\" href=\"\/contact-me\" \t\t>\n\t\t\t<span>\n\t\t\t\t\t\t\t\t<span class=\"sow-icon-fontawesome sow-fas\" data-sow-icon=\"&#xf0e0;\"\n\t\t \n\t\taria-hidden=\"true\"><\/span>\t\t\t\t\t\t\t<\/span>\n\t\t<\/a>\n\t\n\t\t<a \n\t\tclass=\"ow-button-hover sow-social-media-button-whatsapp-0 sow-social-media-button\" title=\"Brenda Becerril em Whatsapp\" aria-label=\"Brenda Becerril em Whatsapp\" target=\"_blank\" rel=\"noopener noreferrer\" href=\"https:\/\/api.whatsapp.com\/send\/?phone=%2B525534576937&#038;text=Hola%2C+me+interesa+conocer+m%C3%A1s+de+tus+servicios.&#038;type=phone_number&#038;app_absent=0\" \t\t>\n\t\t\t<span>\n\t\t\t\t\t\t\t\t<span class=\"sow-icon-fontawesome sow-fab\" data-sow-icon=\"&#xf232;\"\n\t\t \n\t\taria-hidden=\"true\"><\/span>\t\t\t\t\t\t\t<\/span>\n\t\t<\/a>\n\t<\/div>\n<\/div><\/div><\/div><\/div><\/div><\/div>","protected":false},"excerpt":{"rendered":"<p>&#8220;Um espa\u00e7o para questionar, pensar e refletir sobre aquilo tudo que o presente nos demanda&#8221; Atendimento online Atendimento presencial Conhe\u00e7a a terapeuta Op\u00e7\u00f5es de pagamento N\u00e3o deixe para amanh\u00e3, fa\u00e7a hoje!<\/p>\n","protected":false},"author":1,"featured_media":0,"parent":0,"menu_order":0,"comment_status":"closed","ping_status":"closed","template":"","meta":{"_joinchat":[],"footnotes":""},"class_list":["post-355","page","type-page","status-publish","hentry"],"yoast_head":"<!-- This site is optimized with the Yoast SEO plugin v27.2 - https:\/\/yoast.com\/product\/yoast-seo-wordpress\/ -->\n<title>In\u00edcio - Brenda Becerril<\/title>\n<meta name=\"robots\" content=\"index, follow, max-snippet:-1, max-image-preview:large, max-video-preview:-1\" \/>\n<link rel=\"canonical\" href=\"https:\/\/alltherapyonline.com\/\" \/>\n<meta property=\"og:locale\" content=\"pt_BR\" \/>\n<meta property=\"og:type\" content=\"article\" \/>\n<meta property=\"og:title\" content=\"[:en]Home[:es]Inicio[:pb]In\u00edcio[:] - Brenda Becerril\" \/>\n<meta property=\"og:description\" content=\"&quot;Um espa\u00e7o para questionar, pensar e refletir sobre aquilo tudo que o presente nos demanda&quot; Atendimento online Atendimento presencial Conhe\u00e7a a terapeuta Op\u00e7\u00f5es de pagamento N\u00e3o deixe para amanh\u00e3, fa\u00e7a hoje!\" \/>\n<meta property=\"og:url\" content=\"https:\/\/alltherapyonline.com\/\" \/>\n<meta property=\"og:site_name\" content=\"Brenda Becerril\" \/>\n<meta property=\"article:modified_time\" content=\"2024-05-30T04:53:03+00:00\" \/>\n<meta name=\"twitter:card\" content=\"summary_large_image\" \/>\n<meta name=\"twitter:label1\" content=\"Est. tempo de leitura\" \/>\n\t<meta name=\"twitter:data1\" content=\"1 minuto\" \/>\n<script type=\"application\/ld+json\" class=\"yoast-schema-graph\">{\"@context\":\"https:\/\/schema.org\",\"@graph\":[{\"@type\":\"WebPage\",\"@id\":\"https:\/\/alltherapyonline.com\/\",\"url\":\"https:\/\/alltherapyonline.com\/\",\"name\":\"[:en]Home[:es]Inicio[:pb]In\u00edcio[:] - Brenda Becerril\",\"isPartOf\":{\"@id\":\"https:\/\/alltherapyonline.com\/#website\"},\"datePublished\":\"2017-02-01T15:08:04+00:00\",\"dateModified\":\"2024-05-30T04:53:03+00:00\",\"breadcrumb\":{\"@id\":\"https:\/\/alltherapyonline.com\/#breadcrumb\"},\"inLanguage\":\"pt-BR\",\"potentialAction\":[{\"@type\":\"ReadAction\",\"target\":[\"https:\/\/alltherapyonline.com\/\"]}]},{\"@type\":\"BreadcrumbList\",\"@id\":\"https:\/\/alltherapyonline.com\/#breadcrumb\",\"itemListElement\":[{\"@type\":\"ListItem\",\"position\":1,\"name\":\"Home\",\"item\":\"https:\/\/alltherapyonline.com\/\"},{\"@type\":\"ListItem\",\"position\":2,\"name\":\"Home\"}]},{\"@type\":\"WebSite\",\"@id\":\"https:\/\/alltherapyonline.com\/#website\",\"url\":\"https:\/\/alltherapyonline.com\/\",\"name\":\"Brenda Becerril\",\"description\":\"Doutora em Teoria Psicoanal\u00edtica\",\"publisher\":{\"@id\":\"https:\/\/alltherapyonline.com\/#organization\"},\"potentialAction\":[{\"@type\":\"SearchAction\",\"target\":{\"@type\":\"EntryPoint\",\"urlTemplate\":\"https:\/\/alltherapyonline.com\/?s={search_term_string}\"},\"query-input\":{\"@type\":\"PropertyValueSpecification\",\"valueRequired\":true,\"valueName\":\"search_term_string\"}}],\"inLanguage\":\"pt-BR\"},{\"@type\":\"Organization\",\"@id\":\"https:\/\/alltherapyonline.com\/#organization\",\"name\":\"Brenda Becerril\",\"url\":\"https:\/\/alltherapyonline.com\/\",\"logo\":{\"@type\":\"ImageObject\",\"inLanguage\":\"pt-BR\",\"@id\":\"https:\/\/alltherapyonline.com\/#\/schema\/logo\/image\/\",\"url\":\"https:\/\/alltherapyonline.com\/wp-content\/uploads\/2016\/12\/Screen-Shot-2016-12-01-at-23.50.16.png\",\"contentUrl\":\"https:\/\/alltherapyonline.com\/wp-content\/uploads\/2016\/12\/Screen-Shot-2016-12-01-at-23.50.16.png\",\"width\":371,\"height\":155,\"caption\":\"Brenda Becerril\"},\"image\":{\"@id\":\"https:\/\/alltherapyonline.com\/#\/schema\/logo\/image\/\"}}]}<\/script>\n<!-- \/ Yoast SEO plugin. -->","yoast_head_json":{"title":"[:en]Home[:es]Inicio[:pb]In\u00edcio[:] - Brenda Becerril","robots":{"index":"index","follow":"follow","max-snippet":"max-snippet:-1","max-image-preview":"max-image-preview:large","max-video-preview":"max-video-preview:-1"},"canonical":"https:\/\/alltherapyonline.com\/","og_locale":"pt_BR","og_type":"article","og_title":"[:en]Home[:es]Inicio[:pb]In\u00edcio[:] - Brenda Becerril","og_description":"\"Um espa\u00e7o para questionar, pensar e refletir sobre aquilo tudo que o presente nos demanda\" Atendimento online Atendimento presencial Conhe\u00e7a a terapeuta Op\u00e7\u00f5es de pagamento N\u00e3o deixe para amanh\u00e3, fa\u00e7a hoje!","og_url":"https:\/\/alltherapyonline.com\/","og_site_name":"Brenda Becerril","article_modified_time":"2024-05-30T04:53:03+00:00","twitter_card":"summary_large_image","twitter_misc":{"Est. tempo de leitura":"1 minuto"},"schema":{"@context":"https:\/\/schema.org","@graph":[{"@type":"WebPage","@id":"https:\/\/alltherapyonline.com\/","url":"https:\/\/alltherapyonline.com\/","name":"[:en]Home[:es]Inicio[:pb]In\u00edcio[:] - Brenda Becerril","isPartOf":{"@id":"https:\/\/alltherapyonline.com\/#website"},"datePublished":"2017-02-01T15:08:04+00:00","dateModified":"2024-05-30T04:53:03+00:00","breadcrumb":{"@id":"https:\/\/alltherapyonline.com\/#breadcrumb"},"inLanguage":"pt-BR","potentialAction":[{"@type":"ReadAction","target":["https:\/\/alltherapyonline.com\/"]}]},{"@type":"BreadcrumbList","@id":"https:\/\/alltherapyonline.com\/#breadcrumb","itemListElement":[{"@type":"ListItem","position":1,"name":"Home","item":"https:\/\/alltherapyonline.com\/"},{"@type":"ListItem","position":2,"name":"Home"}]},{"@type":"WebSite","@id":"https:\/\/alltherapyonline.com\/#website","url":"https:\/\/alltherapyonline.com\/","name":"Brenda Becerril","description":"Doutora em Teoria Psicoanal\u00edtica","publisher":{"@id":"https:\/\/alltherapyonline.com\/#organization"},"potentialAction":[{"@type":"SearchAction","target":{"@type":"EntryPoint","urlTemplate":"https:\/\/alltherapyonline.com\/?s={search_term_string}"},"query-input":{"@type":"PropertyValueSpecification","valueRequired":true,"valueName":"search_term_string"}}],"inLanguage":"pt-BR"},{"@type":"Organization","@id":"https:\/\/alltherapyonline.com\/#organization","name":"Brenda Becerril","url":"https:\/\/alltherapyonline.com\/","logo":{"@type":"ImageObject","inLanguage":"pt-BR","@id":"https:\/\/alltherapyonline.com\/#\/schema\/logo\/image\/","url":"https:\/\/alltherapyonline.com\/wp-content\/uploads\/2016\/12\/Screen-Shot-2016-12-01-at-23.50.16.png","contentUrl":"https:\/\/alltherapyonline.com\/wp-content\/uploads\/2016\/12\/Screen-Shot-2016-12-01-at-23.50.16.png","width":371,"height":155,"caption":"Brenda Becerril"},"image":{"@id":"https:\/\/alltherapyonline.com\/#\/schema\/logo\/image\/"}}]}},"_links":{"self":[{"href":"https:\/\/alltherapyonline.com\/pb\/wp-json\/wp\/v2\/pages\/355","targetHints":{"allow":["GET"]}}],"collection":[{"href":"https:\/\/alltherapyonline.com\/pb\/wp-json\/wp\/v2\/pages"}],"about":[{"href":"https:\/\/alltherapyonline.com\/pb\/wp-json\/wp\/v2\/types\/page"}],"author":[{"embeddable":true,"href":"https:\/\/alltherapyonline.com\/pb\/wp-json\/wp\/v2\/users\/1"}],"replies":[{"embeddable":true,"href":"https:\/\/alltherapyonline.com\/pb\/wp-json\/wp\/v2\/comments?post=355"}],"version-history":[{"count":30,"href":"https:\/\/alltherapyonline.com\/pb\/wp-json\/wp\/v2\/pages\/355\/revisions"}],"predecessor-version":[{"id":1413,"href":"https:\/\/alltherapyonline.com\/pb\/wp-json\/wp\/v2\/pages\/355\/revisions\/1413"}],"wp:attachment":[{"href":"https:\/\/alltherapyonline.com\/pb\/wp-json\/wp\/v2\/media?parent=355"}],"curies":[{"name":"wp","href":"https:\/\/api.w.org\/{rel}","templated":true}]}}