{"id":389,"date":"2017-02-02T21:10:33","date_gmt":"2017-02-02T21:10:33","guid":{"rendered":"https:\/\/alltherapyonline.com\/?page_id=389"},"modified":"2024-05-30T05:19:13","modified_gmt":"2024-05-30T05:19:13","slug":"paypal","status":"publish","type":"page","link":"https:\/\/alltherapyonline.com\/pb\/paypal\/","title":{"rendered":"PayPal"},"content":{"rendered":"<div id=\"pl-389\"  class=\"panel-layout\" ><div id=\"pg-389-0\"  class=\"panel-grid panel-has-style\" ><div class=\"siteorigin-panels-stretch panel-row-style panel-row-style-for-389-0\" data-stretch-type=\"full\" ><div id=\"pgc-389-0-0\"  class=\"panel-grid-cell panel-grid-cell-empty\" ><\/div><div id=\"pgc-389-0-1\"  class=\"panel-grid-cell panel-grid-cell-mobile-last\" ><div id=\"panel-389-0-1-0\" class=\"so-panel widget widget_sow-editor panel-first-child\" data-index=\"0\" ><div class=\"panel-widget-style panel-widget-style-for-389-0-1-0\" ><div\n\t\t\t\n\t\t\tclass=\"so-widget-sow-editor so-widget-sow-editor-base\"\n\t\t\t\n\t\t>\n<div class=\"siteorigin-widget-tinymce textwidget\">\n\t<h2 class=\"Body\" style=\"text-align: center;\"><span style=\"color: #5e0034;\"><\/span><span style=\"color: #5e0034;\">Pague com PayPal<\/span><\/h2>\n<h5 class=\"Body\" style=\"text-align: center;\"><span style=\"color: #5e0034;\">Clique no bot\u00e3o PayPal para pagar a quant\u00eda mostrada<\/span><\/h5>\n<\/div>\n<\/div><\/div><\/div><div id=\"panel-389-0-1-1\" class=\"so-panel widget widget_sow-editor panel-last-child\" data-index=\"1\" ><div\n\t\t\t\n\t\t\tclass=\"so-widget-sow-editor so-widget-sow-editor-base\"\n\t\t\t\n\t\t>\n<div class=\"siteorigin-widget-tinymce textwidget\">\n\t<form action=\"https:\/\/www.paypal.com\/us\/cgi-bin\/webscr\" method=\"post\" target=\"_top\" name=\"_xclick\">\n<input name=\"cmd\" type=\"hidden\" value=\"_xclick\" \/>\n<input name=\"hosted_button_id\" type=\"hidden\" value=\"GLTH9Y458BVM4\" \/>\n<input id=\"amount\" name=\"amount\" type=\"hidden\" value=\"\" placeholder=\"Enter Amount Here\" \/>\n<input type=\"hidden\" name=\"currency_code\" value=\"MXN\" \/>\n<input type=\"hidden\" name=\"business\" value=\"DE492N7X6967U\" \/>\n<input type=\"hidden\" name=\"item_name\" value=\"Theraphy\" \/>\n<input type=\"hidden\" name=\"lc\" value=\"BR\" \/>\n\n<p style=\"text-align: center;\">\n$<input id=\"total\" type=\"text\" disabled=\"disabled\" readonly=\"readonly\" style=\"width: 50px;\"\/> MXN (Mexican Peso)\n<\/p>\n<p style=\"text-align: center;\">\n<input name=\"submit\" src=\"https:\/\/www.paypalobjects.com\/webstatic\/en_US\/i\/btn\/png\/silver-rect-paypal-60px.png\" type=\"image\" \/>\n\n<img loading=\"lazy\" decoding=\"async\" class=\"aligncenter\" src=\"https:\/\/www.paypalobjects.com\/en_US\/i\/scr\/pixel.gif\" alt=\"\" width=\"1\" height=\"1\" border=\"0\" \/>\n<img decoding=\"async\" class=\"aligncenter\" src=\"https:\/\/www.paypalobjects.com\/webstatic\/en_US\/i\/buttons\/cc-badges-ppmcvdam.png\" alt=\"Credit Card Badges\" \/>\n<\/p>\n<\/form><\/div>\n<\/div><\/div><\/div><div id=\"pgc-389-0-2\"  class=\"panel-grid-cell panel-grid-cell-empty\" ><\/div><\/div><\/div><div id=\"pg-389-1\"  class=\"panel-grid panel-has-style\" ><div class=\"siteorigin-panels-stretch panel-row-style panel-row-style-for-389-1\" data-stretch-type=\"full\" ><div id=\"pgc-389-1-0\"  class=\"panel-grid-cell\" ><div id=\"panel-389-1-0-0\" class=\"so-panel widget widget_sow-headline panel-first-child\" data-index=\"2\" ><div\n\t\t\t\n\t\t\tclass=\"so-widget-sow-headline so-widget-sow-headline-default-f0c12d25c6e2-389\"\n\t\t\t\n\t\t><div class=\"sow-headline-container \">\n\t\t\t\t\t\t\t<h1 class=\"sow-headline\">\n\t\t\t\t\t\tN\u00e3o deixe para amanh\u00e3, fa\u00e7a hoje!\t\t\t\t\t\t<\/h1>\n\t\t\t\t\t\t<\/div>\n<\/div><\/div><div id=\"panel-389-1-0-1\" class=\"so-panel widget widget_sow-social-media-buttons\" data-index=\"3\" ><div\n\t\t\t\n\t\t\tclass=\"so-widget-sow-social-media-buttons so-widget-sow-social-media-buttons-flat-322b4cc5ab7e-389\"\n\t\t\t\n\t\t>\n\n<div class=\"social-media-button-container\">\n\t\n\t\t<a \n\t\tclass=\"ow-button-hover sow-social-media-button-facebook-0 sow-social-media-button\" title=\"Brenda Becerril em Facebook\" aria-label=\"Brenda Becerril em Facebook\" target=\"_blank\" rel=\"noopener noreferrer\" href=\"https:\/\/www.facebook.com\/terapiapsicologicaypsicoanalisis\/\" \t\t>\n\t\t\t<span>\n\t\t\t\t\t\t\t\t<span class=\"sow-icon-fontawesome sow-fab\" data-sow-icon=\"&#xf39e;\"\n\t\t \n\t\taria-hidden=\"true\"><\/span>\t\t\t\t\t\t\t<\/span>\n\t\t<\/a>\n\t\n\t\t<a \n\t\tclass=\"ow-button-hover sow-social-media-button-linkedin-0 sow-social-media-button\" title=\"Brenda Becerril em Linkedin\" aria-label=\"Brenda Becerril em Linkedin\" target=\"_blank\" rel=\"noopener noreferrer\" href=\"https:\/\/www.linkedin.com\/in\/brenda-ibeth-becerril-guti%C3%A9rrez-phd-98b01aa0\/\" \t\t>\n\t\t\t<span>\n\t\t\t\t\t\t\t\t<span class=\"sow-icon-fontawesome sow-fab\" data-sow-icon=\"&#xf0e1;\"\n\t\t \n\t\taria-hidden=\"true\"><\/span>\t\t\t\t\t\t\t<\/span>\n\t\t<\/a>\n\t\n\t\t<a \n\t\tclass=\"ow-button-hover sow-social-media-button-envelope-0 sow-social-media-button\" title=\"Brenda Becerril em Envelope\" aria-label=\"Brenda Becerril em Envelope\" target=\"_blank\" rel=\"noopener noreferrer\" href=\"\/contact-me\" \t\t>\n\t\t\t<span>\n\t\t\t\t\t\t\t\t<span class=\"sow-icon-fontawesome sow-fas\" data-sow-icon=\"&#xf0e0;\"\n\t\t \n\t\taria-hidden=\"true\"><\/span>\t\t\t\t\t\t\t<\/span>\n\t\t<\/a>\n\t\n\t\t<a \n\t\tclass=\"ow-button-hover sow-social-media-button-whatsapp-0 sow-social-media-button\" title=\"Brenda Becerril em Whatsapp\" aria-label=\"Brenda Becerril em Whatsapp\" target=\"_blank\" rel=\"noopener noreferrer\" href=\"https:\/\/api.whatsapp.com\/send\/?phone=%2B525534576937&#038;text=Hola%2C+me+interesa+conocer+m%C3%A1s+de+tus+servicios.&#038;type=phone_number&#038;app_absent=0\" \t\t>\n\t\t\t<span>\n\t\t\t\t\t\t\t\t<span class=\"sow-icon-fontawesome sow-fab\" data-sow-icon=\"&#xf232;\"\n\t\t \n\t\taria-hidden=\"true\"><\/span>\t\t\t\t\t\t\t<\/span>\n\t\t<\/a>\n\t<\/div>\n<\/div><\/div><div id=\"panel-389-1-0-2\" class=\"so-panel widget widget_text panel-last-child\" data-index=\"4\" ><div class=\"panel-widget-style panel-widget-style-for-389-1-0-2\" >\t\t\t<div class=\"textwidget\"><script>\njQuery(document).ready(function() {\nvar search = window.location.search;\nvar amount = 0;\n\nif (search) {\n    var a = search.split('?amount=');\n    amount = a.length ? a[1] : amount;\n}\n\njQuery('a[href=\"https:\/\/alltherapyonline.com\/payment\/\"]').each(function (i, a) {\n\tvar href = jQuery(a).attr('href');\n\tjQuery(a).attr('href', href + window.location.search);\n})\n\ndocument.getElementById('amount').value = amount;\ndocument.getElementById('total').value = amount;\n});\n<\/script>\n<\/div>\n\t\t<\/div><\/div><\/div><\/div><\/div><\/div>","protected":false},"excerpt":{"rendered":"<p>Pague com PayPal Clique no bot\u00e3o PayPal para pagar a quant\u00eda mostrada $ MXN (Mexican Peso)<\/p>\n","protected":false},"author":1,"featured_media":0,"parent":0,"menu_order":0,"comment_status":"closed","ping_status":"closed","template":"","meta":{"_joinchat":[],"footnotes":""},"class_list":["post-389","page","type-page","status-publish","hentry"],"yoast_head":"<!-- This site is optimized with the Yoast SEO plugin v27.2 - https:\/\/yoast.com\/product\/yoast-seo-wordpress\/ -->\n<title>PayPal - Brenda Becerril<\/title>\n<meta name=\"robots\" content=\"index, follow, max-snippet:-1, max-image-preview:large, max-video-preview:-1\" \/>\n<link rel=\"canonical\" href=\"https:\/\/alltherapyonline.com\/paypal\/\" \/>\n<meta property=\"og:locale\" content=\"pt_BR\" \/>\n<meta property=\"og:type\" content=\"article\" \/>\n<meta property=\"og:title\" content=\"PayPal - Brenda Becerril\" \/>\n<meta property=\"og:description\" content=\"Pague com PayPal Clique no bot\u00e3o PayPal para pagar a quant\u00eda mostrada $ MXN (Mexican Peso)\" \/>\n<meta property=\"og:url\" content=\"https:\/\/alltherapyonline.com\/paypal\/\" \/>\n<meta property=\"og:site_name\" content=\"Brenda Becerril\" \/>\n<meta property=\"article:modified_time\" content=\"2024-05-30T05:19:13+00:00\" \/>\n<meta property=\"og:image\" content=\"https:\/\/www.paypalobjects.com\/en_US\/i\/scr\/pixel.gif\" \/>\n<meta name=\"twitter:card\" content=\"summary_large_image\" \/>\n<meta name=\"twitter:label1\" content=\"Est. tempo de leitura\" \/>\n\t<meta name=\"twitter:data1\" content=\"1 minuto\" \/>\n<script type=\"application\/ld+json\" class=\"yoast-schema-graph\">{\"@context\":\"https:\/\/schema.org\",\"@graph\":[{\"@type\":\"WebPage\",\"@id\":\"https:\/\/alltherapyonline.com\/paypal\/\",\"url\":\"https:\/\/alltherapyonline.com\/paypal\/\",\"name\":\"PayPal - Brenda Becerril\",\"isPartOf\":{\"@id\":\"https:\/\/alltherapyonline.com\/#website\"},\"primaryImageOfPage\":{\"@id\":\"https:\/\/alltherapyonline.com\/paypal\/#primaryimage\"},\"image\":{\"@id\":\"https:\/\/alltherapyonline.com\/paypal\/#primaryimage\"},\"thumbnailUrl\":\"https:\/\/www.paypalobjects.com\/en_US\/i\/scr\/pixel.gif\",\"datePublished\":\"2017-02-02T21:10:33+00:00\",\"dateModified\":\"2024-05-30T05:19:13+00:00\",\"breadcrumb\":{\"@id\":\"https:\/\/alltherapyonline.com\/paypal\/#breadcrumb\"},\"inLanguage\":\"pt-BR\",\"potentialAction\":[{\"@type\":\"ReadAction\",\"target\":[\"https:\/\/alltherapyonline.com\/paypal\/\"]}]},{\"@type\":\"ImageObject\",\"inLanguage\":\"pt-BR\",\"@id\":\"https:\/\/alltherapyonline.com\/paypal\/#primaryimage\",\"url\":\"https:\/\/www.paypalobjects.com\/en_US\/i\/scr\/pixel.gif\",\"contentUrl\":\"https:\/\/www.paypalobjects.com\/en_US\/i\/scr\/pixel.gif\"},{\"@type\":\"BreadcrumbList\",\"@id\":\"https:\/\/alltherapyonline.com\/paypal\/#breadcrumb\",\"itemListElement\":[{\"@type\":\"ListItem\",\"position\":1,\"name\":\"Home\",\"item\":\"https:\/\/alltherapyonline.com\/\"},{\"@type\":\"ListItem\",\"position\":2,\"name\":\"PayPal\"}]},{\"@type\":\"WebSite\",\"@id\":\"https:\/\/alltherapyonline.com\/#website\",\"url\":\"https:\/\/alltherapyonline.com\/\",\"name\":\"Brenda Becerril\",\"description\":\"Doutora em Teoria Psicoanal\u00edtica\",\"publisher\":{\"@id\":\"https:\/\/alltherapyonline.com\/#organization\"},\"potentialAction\":[{\"@type\":\"SearchAction\",\"target\":{\"@type\":\"EntryPoint\",\"urlTemplate\":\"https:\/\/alltherapyonline.com\/?s={search_term_string}\"},\"query-input\":{\"@type\":\"PropertyValueSpecification\",\"valueRequired\":true,\"valueName\":\"search_term_string\"}}],\"inLanguage\":\"pt-BR\"},{\"@type\":\"Organization\",\"@id\":\"https:\/\/alltherapyonline.com\/#organization\",\"name\":\"Brenda Becerril\",\"url\":\"https:\/\/alltherapyonline.com\/\",\"logo\":{\"@type\":\"ImageObject\",\"inLanguage\":\"pt-BR\",\"@id\":\"https:\/\/alltherapyonline.com\/#\/schema\/logo\/image\/\",\"url\":\"https:\/\/alltherapyonline.com\/wp-content\/uploads\/2016\/12\/Screen-Shot-2016-12-01-at-23.50.16.png\",\"contentUrl\":\"https:\/\/alltherapyonline.com\/wp-content\/uploads\/2016\/12\/Screen-Shot-2016-12-01-at-23.50.16.png\",\"width\":371,\"height\":155,\"caption\":\"Brenda Becerril\"},\"image\":{\"@id\":\"https:\/\/alltherapyonline.com\/#\/schema\/logo\/image\/\"}}]}<\/script>\n<!-- \/ Yoast SEO plugin. -->","yoast_head_json":{"title":"PayPal - Brenda Becerril","robots":{"index":"index","follow":"follow","max-snippet":"max-snippet:-1","max-image-preview":"max-image-preview:large","max-video-preview":"max-video-preview:-1"},"canonical":"https:\/\/alltherapyonline.com\/paypal\/","og_locale":"pt_BR","og_type":"article","og_title":"PayPal - Brenda Becerril","og_description":"Pague com PayPal Clique no bot\u00e3o PayPal para pagar a quant\u00eda mostrada $ MXN (Mexican Peso)","og_url":"https:\/\/alltherapyonline.com\/paypal\/","og_site_name":"Brenda Becerril","article_modified_time":"2024-05-30T05:19:13+00:00","og_image":[{"url":"https:\/\/www.paypalobjects.com\/en_US\/i\/scr\/pixel.gif","type":"","width":"","height":""}],"twitter_card":"summary_large_image","twitter_misc":{"Est. tempo de leitura":"1 minuto"},"schema":{"@context":"https:\/\/schema.org","@graph":[{"@type":"WebPage","@id":"https:\/\/alltherapyonline.com\/paypal\/","url":"https:\/\/alltherapyonline.com\/paypal\/","name":"PayPal - Brenda Becerril","isPartOf":{"@id":"https:\/\/alltherapyonline.com\/#website"},"primaryImageOfPage":{"@id":"https:\/\/alltherapyonline.com\/paypal\/#primaryimage"},"image":{"@id":"https:\/\/alltherapyonline.com\/paypal\/#primaryimage"},"thumbnailUrl":"https:\/\/www.paypalobjects.com\/en_US\/i\/scr\/pixel.gif","datePublished":"2017-02-02T21:10:33+00:00","dateModified":"2024-05-30T05:19:13+00:00","breadcrumb":{"@id":"https:\/\/alltherapyonline.com\/paypal\/#breadcrumb"},"inLanguage":"pt-BR","potentialAction":[{"@type":"ReadAction","target":["https:\/\/alltherapyonline.com\/paypal\/"]}]},{"@type":"ImageObject","inLanguage":"pt-BR","@id":"https:\/\/alltherapyonline.com\/paypal\/#primaryimage","url":"https:\/\/www.paypalobjects.com\/en_US\/i\/scr\/pixel.gif","contentUrl":"https:\/\/www.paypalobjects.com\/en_US\/i\/scr\/pixel.gif"},{"@type":"BreadcrumbList","@id":"https:\/\/alltherapyonline.com\/paypal\/#breadcrumb","itemListElement":[{"@type":"ListItem","position":1,"name":"Home","item":"https:\/\/alltherapyonline.com\/"},{"@type":"ListItem","position":2,"name":"PayPal"}]},{"@type":"WebSite","@id":"https:\/\/alltherapyonline.com\/#website","url":"https:\/\/alltherapyonline.com\/","name":"Brenda Becerril","description":"Doutora em Teoria Psicoanal\u00edtica","publisher":{"@id":"https:\/\/alltherapyonline.com\/#organization"},"potentialAction":[{"@type":"SearchAction","target":{"@type":"EntryPoint","urlTemplate":"https:\/\/alltherapyonline.com\/?s={search_term_string}"},"query-input":{"@type":"PropertyValueSpecification","valueRequired":true,"valueName":"search_term_string"}}],"inLanguage":"pt-BR"},{"@type":"Organization","@id":"https:\/\/alltherapyonline.com\/#organization","name":"Brenda Becerril","url":"https:\/\/alltherapyonline.com\/","logo":{"@type":"ImageObject","inLanguage":"pt-BR","@id":"https:\/\/alltherapyonline.com\/#\/schema\/logo\/image\/","url":"https:\/\/alltherapyonline.com\/wp-content\/uploads\/2016\/12\/Screen-Shot-2016-12-01-at-23.50.16.png","contentUrl":"https:\/\/alltherapyonline.com\/wp-content\/uploads\/2016\/12\/Screen-Shot-2016-12-01-at-23.50.16.png","width":371,"height":155,"caption":"Brenda Becerril"},"image":{"@id":"https:\/\/alltherapyonline.com\/#\/schema\/logo\/image\/"}}]}},"_links":{"self":[{"href":"https:\/\/alltherapyonline.com\/pb\/wp-json\/wp\/v2\/pages\/389","targetHints":{"allow":["GET"]}}],"collection":[{"href":"https:\/\/alltherapyonline.com\/pb\/wp-json\/wp\/v2\/pages"}],"about":[{"href":"https:\/\/alltherapyonline.com\/pb\/wp-json\/wp\/v2\/types\/page"}],"author":[{"embeddable":true,"href":"https:\/\/alltherapyonline.com\/pb\/wp-json\/wp\/v2\/users\/1"}],"replies":[{"embeddable":true,"href":"https:\/\/alltherapyonline.com\/pb\/wp-json\/wp\/v2\/comments?post=389"}],"version-history":[{"count":67,"href":"https:\/\/alltherapyonline.com\/pb\/wp-json\/wp\/v2\/pages\/389\/revisions"}],"predecessor-version":[{"id":1425,"href":"https:\/\/alltherapyonline.com\/pb\/wp-json\/wp\/v2\/pages\/389\/revisions\/1425"}],"wp:attachment":[{"href":"https:\/\/alltherapyonline.com\/pb\/wp-json\/wp\/v2\/media?parent=389"}],"curies":[{"name":"wp","href":"https:\/\/api.w.org\/{rel}","templated":true}]}}