{"id":428,"date":"2017-03-17T00:27:57","date_gmt":"2017-03-17T00:27:57","guid":{"rendered":"https:\/\/alltherapyonline.com\/?page_id=428"},"modified":"2017-06-23T20:48:43","modified_gmt":"2017-06-23T20:48:43","slug":"contact-me","status":"publish","type":"page","link":"https:\/\/alltherapyonline.com\/pb\/contact-me\/","title":{"rendered":"Entre em contato"},"content":{"rendered":"<div id=\"pl-428\"  class=\"panel-layout\" ><div id=\"pg-428-0\"  class=\"panel-grid panel-no-style\" ><div id=\"pgc-428-0-0\"  class=\"panel-grid-cell\" >          <div id=\"panel-428-0-0-0\" class=\"so-panel widget widget_textblockswidget panel-first-child panel-last-child\" data-index=\"0\" >              \t\t\t\t<div class=\"text-block contact-me-block\"><div id=\"pl-559\"  class=\"panel-layout\" >\n<div id=\"pg-559-0\"  class=\"panel-grid panel-no-style\" >\n<div id=\"pgc-559-0-0\"  class=\"panel-grid-cell\"  data-weight=\"1\" >\n<div id=\"panel-559-0-0-0\" class=\"so-panel widget widget_sow-headline panel-first-child\" data-index=\"0\" data-style=\"{&quot;background_image_attachment&quot;:false,&quot;background_display&quot;:&quot;tile&quot;,&quot;background_image_size&quot;:&quot;full&quot;,&quot;background_image_opacity&quot;:&quot;100&quot;,&quot;border_thickness&quot;:&quot;1px&quot;}\" ><div\n\t\t\t\n\t\t\tclass=\"so-widget-sow-headline so-widget-sow-headline-default-b8df1c52cfc3\"\n\t\t\t\n\t\t><div class=\"sow-headline-container \">\n\t\t\t\t\t\t\t<h1 class=\"sow-headline\">\n\t\t\t\t\t\tComo funciona?\t\t\t\t\t\t<\/h1>\n\t\t\t\t\t\t\t\t\t\t\t<div class=\"decoration\">\n\t\t\t\t\t\t<div class=\"decoration-inside\"><\/div>\n\t\t\t\t\t<\/div>\n\t\t\t\t\t\t\t\t\t\t\t<h4 class=\"sow-sub-headline\">\n\t\t\t\t\t\t5 passos simples\t\t\t\t\t\t<\/h4>\n\t\t\t\t\t\t<\/div>\n<\/div><\/div>\n<div id=\"panel-559-0-0-1\" class=\"so-panel widget widget_sow-features\" data-index=\"1\" data-style=\"{&quot;background_image_attachment&quot;:false,&quot;background_display&quot;:&quot;tile&quot;,&quot;background_image_size&quot;:&quot;full&quot;,&quot;background_image_opacity&quot;:&quot;100&quot;,&quot;border_thickness&quot;:&quot;1px&quot;}\" ><div\n\t\t\t\n\t\t\tclass=\"so-widget-sow-features so-widget-sow-features-default-6a449b7a7812\"\n\t\t\t\n\t\t><ul\n\tclass=\"sow-features-list\n\tsow-features-responsive\">\n\n\t\t\t<li\n\t\t\tclass=\"sow-features-feature sow-icon-container-position-top\"\n\t\t\tstyle=\"display: flex; flex-direction: column; width: calc(20% - 25px);\"\n\t\t>\n\t\t\t\n\t\t\t\t\t\t<div\t\t\t\tclass=\"sow-icon-container sow-container-square\"\n\t\t\t\tstyle=\"color: #ffffff; \"\n\t\t\t\t\n\t\t\t\t\t\t\t>\n\t\t\t\t<span class=\"sow-icon-typicons\" data-sow-icon=\"&#xe052;\"\n\t\tstyle=\"font-size: 48px; color: #5e0034\" \n\t\taria-hidden=\"true\"><\/span>\t\t\t<\/div>\n\n\t\t\t<div class=\"textwidget\">\n\t\t\t\t\n\t\t\t\t\t\t\t\t\t<h5 class=\"sow-features-feature-title\">\n\t\t\t\t\t\tEntre em contato\t\t\t\t\t<\/h5>\n\t\t\t\t\n\t\t\t\t\t\t\t\t\t<div class=\"sow-features-feature-text\">\n\t\t\t\t\t&lt;p&gt;Preencha o formul\u00e1rio de contato, lembre-se de digitar cuidadosamente seus dados de contato&lt;\/p&gt;\t\t\t\t\t<\/div>\n\t\t\t\t\t\t\t\t<\/div>\n\t\t\t\t\t\t\t\t<\/li>\n\n\t\t\t<li\n\t\t\tclass=\"sow-features-feature sow-icon-container-position-top\"\n\t\t\tstyle=\"display: flex; flex-direction: column; width: calc(20% - 25px);\"\n\t\t>\n\t\t\t\n\t\t\t\t\t\t<div\t\t\t\tclass=\"sow-icon-container sow-container-square\"\n\t\t\t\tstyle=\"color: #ffffff; \"\n\t\t\t\t\n\t\t\t\t\t\t\t>\n\t\t\t\t<span class=\"sow-icon-materialicons sowm-regular\" data-sow-icon=\"&#xe89b\"\n\t\tstyle=\"font-size: 48px; color: #5e0034\" \n\t\taria-hidden=\"true\"><\/span>\t\t\t<\/div>\n\n\t\t\t<div class=\"textwidget\">\n\t\t\t\t\n\t\t\t\t\t\t\t\t\t<h5 class=\"sow-features-feature-title\">\n\t\t\t\t\t\tAguarda resposta\t\t\t\t\t<\/h5>\n\t\t\t\t\n\t\t\t\t\t\t\t\t\t<div class=\"sow-features-feature-text\">\n\t\t\t\t\t&lt;p&gt; Voc\u00ea receber\u00e1 resposta em at\u00e9 48 horas.Voc\u00ea nunca ficar\u00e1 sem resposta, se n\u00e3o a recebeu, por favor me procure novamente, pois h\u00e1 algo de errado.&lt;\/p&gt;\t\t\t\t\t<\/div>\n\t\t\t\t\t\t\t\t<\/div>\n\t\t\t\t\t\t\t\t<\/li>\n\n\t\t\t<li\n\t\t\tclass=\"sow-features-feature sow-icon-container-position-top\"\n\t\t\tstyle=\"display: flex; flex-direction: column; width: calc(20% - 25px);\"\n\t\t>\n\t\t\t\n\t\t\t\t\t\t<div\t\t\t\tclass=\"sow-icon-container sow-container-square\"\n\t\t\t\tstyle=\"color: #ffffff; \"\n\t\t\t\t\n\t\t\t\t\t\t\t>\n\t\t\t\t<span class=\"sow-icon-fontawesome sow-fas\" data-sow-icon=\"&#xf073;\"\n\t\tstyle=\"font-size: 48px; color: #5e0034\" \n\t\taria-hidden=\"true\"><\/span>\t\t\t<\/div>\n\n\t\t\t<div class=\"textwidget\">\n\t\t\t\t\n\t\t\t\t\t\t\t\t\t<h5 class=\"sow-features-feature-title\">\n\t\t\t\t\t\tMarque um hor\u00e1rio\t\t\t\t\t<\/h5>\n\t\t\t\t\n\t\t\t\t\t\t\t\t\t<div class=\"sow-features-feature-text\">\n\t\t\t\t\t&lt;p&gt;A gente marca um hor\u00e1rio com base em sua disponibilidade e na minha.&lt;\/p&gt;\t\t\t\t\t<\/div>\n\t\t\t\t\t\t\t\t<\/div>\n\t\t\t\t\t\t\t\t<\/li>\n\n\t\t\t<li\n\t\t\tclass=\"sow-features-feature sow-icon-container-position-top\"\n\t\t\tstyle=\"display: flex; flex-direction: column; width: calc(20% - 25px);\"\n\t\t>\n\t\t\t\n\t\t\t\t\t\t<div\t\t\t\tclass=\"sow-icon-container sow-container-square\"\n\t\t\t\tstyle=\"color: #ffffff; \"\n\t\t\t\t\n\t\t\t\t\t\t\t>\n\t\t\t\t<span class=\"sow-icon-fontawesome sow-fas\" data-sow-icon=\"&#xf09d;\"\n\t\tstyle=\"font-size: 48px; color: #5e0034\" \n\t\taria-hidden=\"true\"><\/span>\t\t\t<\/div>\n\n\t\t\t<div class=\"textwidget\">\n\t\t\t\t\n\t\t\t\t\t\t\t\t\t<h5 class=\"sow-features-feature-title\">\n\t\t\t\t\t\tFa\u00e7a o pagamento\t\t\t\t\t<\/h5>\n\t\t\t\t\n\t\t\t\t\t\t\t\t\t<div class=\"sow-features-feature-text\">\n\t\t\t\t\t&lt;p&gt;Voc\u00ea receber\u00e1 um link para fazer o pagamento das sess\u00f5es de forma segura no meu site. O pagamento poder\u00e1 ser efetuado via PayPal ou cart\u00e3o de d\u00e9bito\/cr\u00e9dito.&lt;\/p&gt;\t\t\t\t\t<\/div>\n\t\t\t\t\t\t\t\t<\/div>\n\t\t\t\t\t\t\t\t<\/li>\n\n\t\t\t<li\n\t\t\tclass=\"sow-features-feature sow-icon-container-position-top\"\n\t\t\tstyle=\"display: flex; flex-direction: column; width: calc(20% - 25px);\"\n\t\t>\n\t\t\t\n\t\t\t\t\t\t<div\t\t\t\tclass=\"sow-icon-container sow-container-square\"\n\t\t\t\tstyle=\"color: #ffffff; \"\n\t\t\t\t\n\t\t\t\t\t\t\t>\n\t\t\t\t<span class=\"sow-icon-fontawesome sow-fas\" data-sow-icon=\"&#xf0c0;\"\n\t\tstyle=\"font-size: 48px; color: #5e0034\" \n\t\taria-hidden=\"true\"><\/span>\t\t\t<\/div>\n\n\t\t\t<div class=\"textwidget\">\n\t\t\t\t\n\t\t\t\t\t\t\t\t\t<h5 class=\"sow-features-feature-title\">\n\t\t\t\t\t\tTome a sess\u00e3o\t\t\t\t\t<\/h5>\n\t\t\t\t\n\t\t\t\t\t\t\t\t\t<div class=\"sow-features-feature-text\">\n\t\t\t\t\t&lt;p&gt;A gente poder\u00e1 se falar no dia e hor\u00e1rio marcados, e estabeleceremos o pre\u00e7o por sess\u00e3o.&lt;\/p&gt;\t\t\t\t\t<\/div>\n\t\t\t\t\t\t\t\t<\/div>\n\t\t\t\t\t\t\t\t<\/li>\n\n\t<\/ul>\n<\/div><\/div>\n<div id=\"panel-559-0-0-2\" class=\"so-panel widget widget_sow-contact-form panel-last-child\" data-index=\"2\" data-style=\"{&quot;background_image_attachment&quot;:false,&quot;background_display&quot;:&quot;tile&quot;,&quot;background_image_size&quot;:&quot;full&quot;,&quot;background_image_opacity&quot;:&quot;100&quot;,&quot;border_thickness&quot;:&quot;1px&quot;}\" ><div\n\t\t\t\n\t\t\tclass=\"so-widget-sow-contact-form so-widget-sow-contact-form-default-60cd38b38dff\"\n\t\t\t\n\t\t>\t<form\n\t\taction=\"\/pb\/wp-json\/wp\/v2\/pages\/428\"\n\t\tmethod=\"POST\"\n\t\tclass=\"sow-contact-form\"\n\t\tid=\"contact-form-e9fe\"\n\t>\n\n\t\t\n\t\t\t\t\t<div class=\"sow-form-field sow-form-field-name\">\n\t\t\t\t<label class=\"sow-form-field-label-above\" for=\"sow-contact-form-field-nome-1\">\n\t\t\t\t<strong>\n\t\t\t\t\tNome\t\t\t\t\t\t\t\t\t<\/strong>\n\t\t\t<\/label>\n\t\t\t\t\t\t\t<div class=\"sow-field-container\">\n\t\t\t\t\t\t\t<input\n\t\t\ttype=\"text\"\n\t\t\tname=\"nome-1\"\n\t\t\tid=\"sow-contact-form-field-nome-1\"\n\t\t\tvalue=\"\"\n\t\t\tclass=\"sow-text-field\"\n\t\t\t\t\t\t\t\t\/>\n\t\t\t\t\t\t<\/div>\n\t\t\t\t\t\t\t<\/div>\n\t\t\t\t\t\t<div class=\"sow-form-field sow-form-field-text\">\n\t\t\t\t<label class=\"sow-form-field-label-above\" for=\"sow-contact-form-field-localizacao-1\">\n\t\t\t\t<strong>\n\t\t\t\t\tLocaliza\u00e7\u00e3o\t\t\t\t\t\t\t\t\t<\/strong>\n\t\t\t<\/label>\n\t\t\t\t\t\t\t<div class=\"sow-field-container\">\n\t\t\t\t\t\t\t<input\n\t\t\ttype=\"text\"\n\t\t\tname=\"localizacao-1\"\n\t\t\tid=\"sow-contact-form-field-localizacao-1\"\n\t\t\tvalue=\"\"\n\t\t\tclass=\"sow-text-field\"\t\t\t\t\t\t\t\t\/>\n\t\t\t\t\t\t<\/div>\n\t\t\t\t\t\t\t<\/div>\n\t\t\t\t\t\t<div class=\"sow-form-field sow-form-field-email\">\n\t\t\t\t<label class=\"sow-form-field-label-above\" for=\"sow-contact-form-field-email-1\">\n\t\t\t\t<strong>\n\t\t\t\t\tEmail\t\t\t\t\t\t\t\t\t<\/strong>\n\t\t\t<\/label>\n\t\t\t\t\t\t\t<div class=\"sow-field-container\">\n\t\t\t\t\t\t\t<input\n\t\t\ttype=\"email\"\n\t\t\tname=\"email-1\"\n\t\t\tid=\"sow-contact-form-field-email-1\"\n\t\t\tvalue=\"\"\n\t\t\tclass=\"sow-text-field\"\t\t\t\t\t\t\t\t\/>\n\t\t\t\t\t\t<\/div>\n\t\t\t\t\t\t\t<\/div>\n\t\t\t\t\t\t<div class=\"sow-form-field sow-form-field-text\">\n\t\t\t\t<label class=\"sow-form-field-label-above\" for=\"sow-contact-form-field-telefone-1\">\n\t\t\t\t<strong>\n\t\t\t\t\tTelefone\t\t\t\t\t\t\t\t\t<\/strong>\n\t\t\t<\/label>\n\t\t\t\t\t\t\t<div class=\"sow-field-container\">\n\t\t\t\t\t\t\t<input\n\t\t\ttype=\"text\"\n\t\t\tname=\"telefone-1\"\n\t\t\tid=\"sow-contact-form-field-telefone-1\"\n\t\t\tvalue=\"\"\n\t\t\tclass=\"sow-text-field\"\t\t\t\t\t\t\t\t\/>\n\t\t\t\t\t\t<\/div>\n\t\t\t\t\t\t\t<\/div>\n\t\t\t\t\t\t<div class=\"sow-form-field sow-form-field-subject\">\n\t\t\t\t<label class=\"sow-form-field-label-above\" for=\"sow-contact-form-field-assunto-1\">\n\t\t\t\t<strong>\n\t\t\t\t\tAssunto\t\t\t\t\t\t\t\t\t<\/strong>\n\t\t\t<\/label>\n\t\t\t\t\t\t\t<div class=\"sow-field-container\">\n\t\t\t\t\t\t\t<input\n\t\t\ttype=\"text\"\n\t\t\tname=\"assunto-1\"\n\t\t\tid=\"sow-contact-form-field-assunto-1\"\n\t\t\tvalue=\"\"\n\t\t\tclass=\"sow-text-field\"\n\t\t\t\t\t\t\t\t\/>\n\t\t\t\t\t\t<\/div>\n\t\t\t\t\t\t\t<\/div>\n\t\t\t\t\t\t<div class=\"sow-form-field sow-form-field-textarea\">\n\t\t\t\t<label class=\"sow-form-field-label-above\" for=\"sow-contact-form-field-por-que-voce-tem-interesse-em-iniciar-uma-terapia-ou-analise-1\">\n\t\t\t\t<strong>\n\t\t\t\t\tPor qu\u00ea voc\u00ea tem interesse em iniciar uma terapia ou an\u00e1lise?\t\t\t\t\t\t\t\t\t<\/strong>\n\t\t\t<\/label>\n\t\t\t\t\t\t\t<div class=\"sow-field-container\">\n\t\t\t\t\t\t\t<textarea\n\t\t\tname=\"por-que-voce-tem-interesse-em-iniciar-uma-terapia-ou-analise-1\"\n\t\t\tid=\"sow-contact-form-field-por-que-voce-tem-interesse-em-iniciar-uma-terapia-ou-analise-1\"\n\t\t\trows=\"10\"\n\t\t\t\t\t\t\t\t><\/textarea>\n\t\t\t\t\t\t<\/div>\n\t\t\t\t\t\t\t<\/div>\n\t\t\t\t\t\t<div class=\"sow-form-field sow-form-field-text\">\n\t\t\t\t<label class=\"sow-form-field-label-above\" for=\"sow-contact-form-field-por-favor-informe-a-sua-disponibilidade-de-dias-e-horarios-1\">\n\t\t\t\t<strong>\n\t\t\t\t\tPor favor, informe a sua disponibilidade de dias e hor\u00e1rios\t\t\t\t\t\t\t\t\t<\/strong>\n\t\t\t<\/label>\n\t\t\t\t\t\t\t<div class=\"sow-field-container\">\n\t\t\t\t\t\t\t<input\n\t\t\ttype=\"text\"\n\t\t\tname=\"por-favor-informe-a-sua-disponibilidade-de-dias-e-horarios-1\"\n\t\t\tid=\"sow-contact-form-field-por-favor-informe-a-sua-disponibilidade-de-dias-e-horarios-1\"\n\t\t\tvalue=\"\"\n\t\t\tclass=\"sow-text-field\"\t\t\t\t\t\t\t\t\/>\n\t\t\t\t\t\t<\/div>\n\t\t\t\t\t\t\t<\/div>\n\t\t\t\n\t\t\n\t\t<div class=\"sow-submit-wrapper \n\t\tsow-submit-styled\t\t\">\n\n\t\t\t<button\n\t\t\t\ttype=\"submit\"\n\t\t\t\tclass=\"sow-submit\n\t\t\t\t\t\t\t\t\"\n\t\t\t\t\t\t\t>\n\t\t\t\tComece j\u00e1\t\t\t<\/button>\n\t\t<\/div>\n\t\t\t\t<input\n\t\t\ttype=\"hidden\"\n\t\t\tname=\"instance_hash-1\"\n\t\t\tvalue=\"e9fe8971\"\n\t\t\/>\n\n\t\t<input type=\"hidden\" id=\"_wpnonce\" name=\"_wpnonce\" value=\"8a8bef727e\" \/><input type=\"hidden\" name=\"_wp_http_referer\" value=\"\/pb\/wp-json\/wp\/v2\/pages\/428\" \/>\t<\/form>\n\t<\/div><\/div>\n<\/div>\n<\/div>\n<\/div>\n<\/div>\n          <\/div>        <\/div><\/div><\/div>","protected":false},"excerpt":{"rendered":"<p>Como funciona? 5 passos simples Entre em contato &lt;p&gt;Preencha o formul\u00e1rio de contato, lembre-se de digitar cuidadosamente seus dados de contato&lt;\/p&gt; Aguarda resposta &lt;p&gt; Voc\u00ea receber\u00e1 resposta em at\u00e9 48 horas.Voc\u00ea nunca ficar\u00e1 sem resposta, se n\u00e3o a recebeu, por<\/p>\n","protected":false},"author":2,"featured_media":0,"parent":0,"menu_order":0,"comment_status":"closed","ping_status":"closed","template":"","meta":{"_joinchat":[],"footnotes":""},"class_list":["post-428","page","type-page","status-publish","hentry"],"yoast_head":"<!-- This site is optimized with the Yoast SEO plugin v27.2 - https:\/\/yoast.com\/product\/yoast-seo-wordpress\/ -->\n<title>Entre em contato - Brenda Becerril<\/title>\n<meta name=\"robots\" content=\"index, follow, max-snippet:-1, max-image-preview:large, max-video-preview:-1\" \/>\n<link rel=\"canonical\" href=\"https:\/\/alltherapyonline.com\/contact-me\/\" \/>\n<meta property=\"og:locale\" content=\"pt_BR\" \/>\n<meta property=\"og:type\" content=\"article\" \/>\n<meta property=\"og:title\" content=\"[:en]Contact Me[:es]Entra en contacto[:pb]Entre em contato[:] - Brenda Becerril\" \/>\n<meta property=\"og:description\" content=\"Como funciona? 5 passos simples Entre em contato &lt;p&gt;Preencha o formul\u00e1rio de contato, lembre-se de digitar cuidadosamente seus dados de contato&lt;\/p&gt; Aguarda resposta &lt;p&gt; Voc\u00ea receber\u00e1 resposta em at\u00e9 48 horas.Voc\u00ea nunca ficar\u00e1 sem resposta, se n\u00e3o a recebeu, por\" \/>\n<meta property=\"og:url\" content=\"https:\/\/alltherapyonline.com\/contact-me\/\" \/>\n<meta property=\"og:site_name\" content=\"Brenda Becerril\" \/>\n<meta property=\"article:modified_time\" content=\"2017-06-23T20:48:43+00:00\" \/>\n<meta name=\"twitter:card\" content=\"summary_large_image\" \/>\n<script type=\"application\/ld+json\" class=\"yoast-schema-graph\">{\"@context\":\"https:\/\/schema.org\",\"@graph\":[{\"@type\":\"WebPage\",\"@id\":\"https:\/\/alltherapyonline.com\/contact-me\/\",\"url\":\"https:\/\/alltherapyonline.com\/contact-me\/\",\"name\":\"[:en]Contact Me[:es]Entra en contacto[:pb]Entre em contato[:] - Brenda Becerril\",\"isPartOf\":{\"@id\":\"https:\/\/alltherapyonline.com\/#website\"},\"datePublished\":\"2017-03-17T00:27:57+00:00\",\"dateModified\":\"2017-06-23T20:48:43+00:00\",\"breadcrumb\":{\"@id\":\"https:\/\/alltherapyonline.com\/contact-me\/#breadcrumb\"},\"inLanguage\":\"pt-BR\",\"potentialAction\":[{\"@type\":\"ReadAction\",\"target\":[\"https:\/\/alltherapyonline.com\/contact-me\/\"]}]},{\"@type\":\"BreadcrumbList\",\"@id\":\"https:\/\/alltherapyonline.com\/contact-me\/#breadcrumb\",\"itemListElement\":[{\"@type\":\"ListItem\",\"position\":1,\"name\":\"Home\",\"item\":\"https:\/\/alltherapyonline.com\/\"},{\"@type\":\"ListItem\",\"position\":2,\"name\":\"Contact Me\"}]},{\"@type\":\"WebSite\",\"@id\":\"https:\/\/alltherapyonline.com\/#website\",\"url\":\"https:\/\/alltherapyonline.com\/\",\"name\":\"Brenda Becerril\",\"description\":\"Doutora em Teoria Psicoanal\u00edtica\",\"publisher\":{\"@id\":\"https:\/\/alltherapyonline.com\/#organization\"},\"potentialAction\":[{\"@type\":\"SearchAction\",\"target\":{\"@type\":\"EntryPoint\",\"urlTemplate\":\"https:\/\/alltherapyonline.com\/?s={search_term_string}\"},\"query-input\":{\"@type\":\"PropertyValueSpecification\",\"valueRequired\":true,\"valueName\":\"search_term_string\"}}],\"inLanguage\":\"pt-BR\"},{\"@type\":\"Organization\",\"@id\":\"https:\/\/alltherapyonline.com\/#organization\",\"name\":\"Brenda Becerril\",\"url\":\"https:\/\/alltherapyonline.com\/\",\"logo\":{\"@type\":\"ImageObject\",\"inLanguage\":\"pt-BR\",\"@id\":\"https:\/\/alltherapyonline.com\/#\/schema\/logo\/image\/\",\"url\":\"https:\/\/alltherapyonline.com\/wp-content\/uploads\/2016\/12\/Screen-Shot-2016-12-01-at-23.50.16.png\",\"contentUrl\":\"https:\/\/alltherapyonline.com\/wp-content\/uploads\/2016\/12\/Screen-Shot-2016-12-01-at-23.50.16.png\",\"width\":371,\"height\":155,\"caption\":\"Brenda Becerril\"},\"image\":{\"@id\":\"https:\/\/alltherapyonline.com\/#\/schema\/logo\/image\/\"}}]}<\/script>\n<!-- \/ Yoast SEO plugin. -->","yoast_head_json":{"title":"[:en]Contact Me[:es]Entra en contacto[:pb]Entre em contato[:] - Brenda Becerril","robots":{"index":"index","follow":"follow","max-snippet":"max-snippet:-1","max-image-preview":"max-image-preview:large","max-video-preview":"max-video-preview:-1"},"canonical":"https:\/\/alltherapyonline.com\/contact-me\/","og_locale":"pt_BR","og_type":"article","og_title":"[:en]Contact Me[:es]Entra en contacto[:pb]Entre em contato[:] - Brenda Becerril","og_description":"Como funciona? 5 passos simples Entre em contato &lt;p&gt;Preencha o formul\u00e1rio de contato, lembre-se de digitar cuidadosamente seus dados de contato&lt;\/p&gt; Aguarda resposta &lt;p&gt; Voc\u00ea receber\u00e1 resposta em at\u00e9 48 horas.Voc\u00ea nunca ficar\u00e1 sem resposta, se n\u00e3o a recebeu, por","og_url":"https:\/\/alltherapyonline.com\/contact-me\/","og_site_name":"Brenda Becerril","article_modified_time":"2017-06-23T20:48:43+00:00","twitter_card":"summary_large_image","schema":{"@context":"https:\/\/schema.org","@graph":[{"@type":"WebPage","@id":"https:\/\/alltherapyonline.com\/contact-me\/","url":"https:\/\/alltherapyonline.com\/contact-me\/","name":"[:en]Contact Me[:es]Entra en contacto[:pb]Entre em contato[:] - Brenda Becerril","isPartOf":{"@id":"https:\/\/alltherapyonline.com\/#website"},"datePublished":"2017-03-17T00:27:57+00:00","dateModified":"2017-06-23T20:48:43+00:00","breadcrumb":{"@id":"https:\/\/alltherapyonline.com\/contact-me\/#breadcrumb"},"inLanguage":"pt-BR","potentialAction":[{"@type":"ReadAction","target":["https:\/\/alltherapyonline.com\/contact-me\/"]}]},{"@type":"BreadcrumbList","@id":"https:\/\/alltherapyonline.com\/contact-me\/#breadcrumb","itemListElement":[{"@type":"ListItem","position":1,"name":"Home","item":"https:\/\/alltherapyonline.com\/"},{"@type":"ListItem","position":2,"name":"Contact Me"}]},{"@type":"WebSite","@id":"https:\/\/alltherapyonline.com\/#website","url":"https:\/\/alltherapyonline.com\/","name":"Brenda Becerril","description":"Doutora em Teoria Psicoanal\u00edtica","publisher":{"@id":"https:\/\/alltherapyonline.com\/#organization"},"potentialAction":[{"@type":"SearchAction","target":{"@type":"EntryPoint","urlTemplate":"https:\/\/alltherapyonline.com\/?s={search_term_string}"},"query-input":{"@type":"PropertyValueSpecification","valueRequired":true,"valueName":"search_term_string"}}],"inLanguage":"pt-BR"},{"@type":"Organization","@id":"https:\/\/alltherapyonline.com\/#organization","name":"Brenda Becerril","url":"https:\/\/alltherapyonline.com\/","logo":{"@type":"ImageObject","inLanguage":"pt-BR","@id":"https:\/\/alltherapyonline.com\/#\/schema\/logo\/image\/","url":"https:\/\/alltherapyonline.com\/wp-content\/uploads\/2016\/12\/Screen-Shot-2016-12-01-at-23.50.16.png","contentUrl":"https:\/\/alltherapyonline.com\/wp-content\/uploads\/2016\/12\/Screen-Shot-2016-12-01-at-23.50.16.png","width":371,"height":155,"caption":"Brenda Becerril"},"image":{"@id":"https:\/\/alltherapyonline.com\/#\/schema\/logo\/image\/"}}]}},"_links":{"self":[{"href":"https:\/\/alltherapyonline.com\/pb\/wp-json\/wp\/v2\/pages\/428","targetHints":{"allow":["GET"]}}],"collection":[{"href":"https:\/\/alltherapyonline.com\/pb\/wp-json\/wp\/v2\/pages"}],"about":[{"href":"https:\/\/alltherapyonline.com\/pb\/wp-json\/wp\/v2\/types\/page"}],"author":[{"embeddable":true,"href":"https:\/\/alltherapyonline.com\/pb\/wp-json\/wp\/v2\/users\/2"}],"replies":[{"embeddable":true,"href":"https:\/\/alltherapyonline.com\/pb\/wp-json\/wp\/v2\/comments?post=428"}],"version-history":[{"count":27,"href":"https:\/\/alltherapyonline.com\/pb\/wp-json\/wp\/v2\/pages\/428\/revisions"}],"predecessor-version":[{"id":824,"href":"https:\/\/alltherapyonline.com\/pb\/wp-json\/wp\/v2\/pages\/428\/revisions\/824"}],"wp:attachment":[{"href":"https:\/\/alltherapyonline.com\/pb\/wp-json\/wp\/v2\/media?parent=428"}],"curies":[{"name":"wp","href":"https:\/\/api.w.org\/{rel}","templated":true}]}}